{"id":711,"date":"2020-04-15T15:22:25","date_gmt":"2020-04-15T15:22:25","guid":{"rendered":"http:\/\/artento.eu\/?page_id=711"},"modified":"2020-04-15T15:22:25","modified_gmt":"2020-04-15T15:22:25","slug":"polycatus","status":"publish","type":"page","link":"https:\/\/artento.eu\/en\/gyujtemenyek\/curculionidae-ormanyosbogar-felek\/pachyrhynchini-nemzetseg\/polycatus\/","title":{"rendered":"Polycatus"},"content":{"rendered":"<p><strong>Polycatus-fajok a gy\u0171jtem\u00e9nyeinkben<\/strong><\/p>\n<p>Az ARTENTO Alap\u00edtv\u00e1ny kezel\u00e9s\u00e9ben nyilv\u00e1ntartott gy\u0171jtem\u00e9nyekben \u00f6sszesen 1 faj p\u00e9ld\u00e1nyai tal\u00e1lhat\u00f3k meg.<\/p>\n<p><strong>Polycatus\u00a0Heller, 1913<\/strong><\/p>\n<p style=\"padding-left: 80px;\"><span style=\"color: #0000ff;\"><em>aeneus<\/em><\/span> Boheman, 1837<\/p>\n","protected":false},"excerpt":{"rendered":"<p>Polycatus-fajok a gy\u0171jtem\u00e9nyeinkben Az ARTENTO Alap\u00edtv\u00e1ny kezel\u00e9s\u00e9ben nyilv\u00e1ntartott gy\u0171jtem\u00e9nyekben \u00f6sszesen 1 faj p\u00e9ld\u00e1nyai tal\u00e1lhat\u00f3k meg. Polycatus\u00a0Heller, 1913 aeneus Boheman, 1837<\/p>\n","protected":false},"author":1,"featured_media":0,"parent":690,"menu_order":0,"comment_status":"closed","ping_status":"closed","template":"","meta":{"ngg_post_thumbnail":0,"footnotes":""},"class_list":["post-711","page","type-page","status-publish","hentry"],"_links":{"self":[{"href":"https:\/\/artento.eu\/en\/wp-json\/wp\/v2\/pages\/711","targetHints":{"allow":["GET"]}}],"collection":[{"href":"https:\/\/artento.eu\/en\/wp-json\/wp\/v2\/pages"}],"about":[{"href":"https:\/\/artento.eu\/en\/wp-json\/wp\/v2\/types\/page"}],"author":[{"embeddable":true,"href":"https:\/\/artento.eu\/en\/wp-json\/wp\/v2\/users\/1"}],"replies":[{"embeddable":true,"href":"https:\/\/artento.eu\/en\/wp-json\/wp\/v2\/comments?post=711"}],"version-history":[{"count":1,"href":"https:\/\/artento.eu\/en\/wp-json\/wp\/v2\/pages\/711\/revisions"}],"predecessor-version":[{"id":712,"href":"https:\/\/artento.eu\/en\/wp-json\/wp\/v2\/pages\/711\/revisions\/712"}],"up":[{"embeddable":true,"href":"https:\/\/artento.eu\/en\/wp-json\/wp\/v2\/pages\/690"}],"wp:attachment":[{"href":"https:\/\/artento.eu\/en\/wp-json\/wp\/v2\/media?parent=711"}],"curies":[{"name":"wp","href":"https:\/\/api.w.org\/{rel}","templated":true}]}}