{"id":706,"date":"2020-04-15T15:15:26","date_gmt":"2020-04-15T15:15:26","guid":{"rendered":"http:\/\/artento.eu\/?page_id=706"},"modified":"2020-04-15T15:24:38","modified_gmt":"2020-04-15T15:24:38","slug":"celebia","status":"publish","type":"page","link":"https:\/\/artento.eu\/en\/gyujtemenyek\/curculionidae-ormanyosbogar-felek\/pachyrhynchini-nemzetseg\/celebia\/","title":{"rendered":"Celebia"},"content":{"rendered":"<p><strong>Celebia-fajok a gy\u0171jtem\u00e9nyeinkben<\/strong><\/p>\n<p>Az ARTENTO Alap\u00edtv\u00e1ny kezel\u00e9s\u00e9ben nyilv\u00e1ntartott gy\u0171jtem\u00e9nyekben \u00f6sszesen 1 faj p\u00e9ld\u00e1nyai tal\u00e1lhat\u00f3k meg:<\/p>\n<p><strong>Celebia Thomson, 1857<\/strong><\/p>\n<p style=\"padding-left: 80px;\"><span style=\"color: #0000ff;\"><em>iligana<\/em><\/span> Heller, 1929<\/p>\n<p>&nbsp;<\/p>\n","protected":false},"excerpt":{"rendered":"<p>Celebia-fajok a gy\u0171jtem\u00e9nyeinkben Az ARTENTO Alap\u00edtv\u00e1ny kezel\u00e9s\u00e9ben nyilv\u00e1ntartott gy\u0171jtem\u00e9nyekben \u00f6sszesen 1 faj p\u00e9ld\u00e1nyai tal\u00e1lhat\u00f3k meg: Celebia Thomson, 1857 iligana Heller, 1929 &nbsp;<\/p>\n","protected":false},"author":1,"featured_media":0,"parent":690,"menu_order":0,"comment_status":"closed","ping_status":"closed","template":"","meta":{"ngg_post_thumbnail":0,"footnotes":""},"class_list":["post-706","page","type-page","status-publish","hentry"],"_links":{"self":[{"href":"https:\/\/artento.eu\/en\/wp-json\/wp\/v2\/pages\/706","targetHints":{"allow":["GET"]}}],"collection":[{"href":"https:\/\/artento.eu\/en\/wp-json\/wp\/v2\/pages"}],"about":[{"href":"https:\/\/artento.eu\/en\/wp-json\/wp\/v2\/types\/page"}],"author":[{"embeddable":true,"href":"https:\/\/artento.eu\/en\/wp-json\/wp\/v2\/users\/1"}],"replies":[{"embeddable":true,"href":"https:\/\/artento.eu\/en\/wp-json\/wp\/v2\/comments?post=706"}],"version-history":[{"count":2,"href":"https:\/\/artento.eu\/en\/wp-json\/wp\/v2\/pages\/706\/revisions"}],"predecessor-version":[{"id":715,"href":"https:\/\/artento.eu\/en\/wp-json\/wp\/v2\/pages\/706\/revisions\/715"}],"up":[{"embeddable":true,"href":"https:\/\/artento.eu\/en\/wp-json\/wp\/v2\/pages\/690"}],"wp:attachment":[{"href":"https:\/\/artento.eu\/en\/wp-json\/wp\/v2\/media?parent=706"}],"curies":[{"name":"wp","href":"https:\/\/api.w.org\/{rel}","templated":true}]}}