{"id":702,"date":"2020-04-15T15:10:54","date_gmt":"2020-04-15T15:10:54","guid":{"rendered":"http:\/\/artento.eu\/?page_id=702"},"modified":"2020-04-15T15:11:52","modified_gmt":"2020-04-15T15:11:52","slug":"alcidodes-genus","status":"publish","type":"page","link":"https:\/\/artento.eu\/en\/gyujtemenyek\/curculionidae-ormanyosbogar-felek\/pachyrhynchini-nemzetseg\/alcidodes-genus\/","title":{"rendered":"Alcidodes"},"content":{"rendered":"<p><strong>Alcidodes-fajok a gy\u0171jtem\u00e9nyeinkben<\/strong><\/p>\n<p>Az ARTENTO Alap\u00edtv\u00e1ny kezel\u00e9s\u00e9ben nyilv\u00e1ntartott gy\u0171jtem\u00e9nyekben \u00f6sszesen 4 faj p\u00e9ld\u00e1nyai tal\u00e1lhat\u00f3k:<\/p>\n<p><strong>Alcidodes Marshall, 1939<\/strong><\/p>\n<p style=\"padding-left: 80px;\"><span style=\"color: #0000ff;\"><em>ocellatus<\/em><\/span><\/p>\n<p style=\"padding-left: 80px;\"><span style=\"color: #0000ff;\"><em>ocellatus semperi<\/em><\/span><\/p>\n<p style=\"padding-left: 80px;\"><span style=\"color: #0000ff;\"><em>chalcomorphus<\/em><\/span><\/p>\n<p style=\"padding-left: 80px;\"><span style=\"color: #0000ff;\"><em>leucosphilus<\/em><\/span><\/p>\n","protected":false},"excerpt":{"rendered":"<p>Alcidodes-fajok a gy\u0171jtem\u00e9nyeinkben Az ARTENTO Alap\u00edtv\u00e1ny kezel\u00e9s\u00e9ben nyilv\u00e1ntartott gy\u0171jtem\u00e9nyekben \u00f6sszesen 4 faj p\u00e9ld\u00e1nyai tal\u00e1lhat\u00f3k: Alcidodes Marshall, 1939 ocellatus ocellatus semperi chalcomorphus leucosphilus<\/p>\n","protected":false},"author":1,"featured_media":0,"parent":690,"menu_order":0,"comment_status":"closed","ping_status":"closed","template":"","meta":{"ngg_post_thumbnail":0,"footnotes":""},"class_list":["post-702","page","type-page","status-publish","hentry"],"_links":{"self":[{"href":"https:\/\/artento.eu\/en\/wp-json\/wp\/v2\/pages\/702","targetHints":{"allow":["GET"]}}],"collection":[{"href":"https:\/\/artento.eu\/en\/wp-json\/wp\/v2\/pages"}],"about":[{"href":"https:\/\/artento.eu\/en\/wp-json\/wp\/v2\/types\/page"}],"author":[{"embeddable":true,"href":"https:\/\/artento.eu\/en\/wp-json\/wp\/v2\/users\/1"}],"replies":[{"embeddable":true,"href":"https:\/\/artento.eu\/en\/wp-json\/wp\/v2\/comments?post=702"}],"version-history":[{"count":2,"href":"https:\/\/artento.eu\/en\/wp-json\/wp\/v2\/pages\/702\/revisions"}],"predecessor-version":[{"id":704,"href":"https:\/\/artento.eu\/en\/wp-json\/wp\/v2\/pages\/702\/revisions\/704"}],"up":[{"embeddable":true,"href":"https:\/\/artento.eu\/en\/wp-json\/wp\/v2\/pages\/690"}],"wp:attachment":[{"href":"https:\/\/artento.eu\/en\/wp-json\/wp\/v2\/media?parent=702"}],"curies":[{"name":"wp","href":"https:\/\/api.w.org\/{rel}","templated":true}]}}