{"id":690,"date":"2020-04-14T19:50:37","date_gmt":"2020-04-14T19:50:37","guid":{"rendered":"http:\/\/artento.eu\/?page_id=690"},"modified":"2020-05-31T17:56:58","modified_gmt":"2020-05-31T17:56:58","slug":"pachyrhynchini-nemzetseg","status":"publish","type":"page","link":"https:\/\/artento.eu\/en\/gyujtemenyek\/curculionidae-ormanyosbogar-felek\/pachyrhynchini-nemzetseg\/","title":{"rendered":"Pachyrhynchini nemzets\u00e9g"},"content":{"rendered":"<p>A nemzets\u00e9g legszebb fajait \u00e9kszerorm\u00e1nyosoknak nevezz\u00fck (Coleoptera: Curculionidae: Pachyrhynchini).<\/p>\n<p>Gy\u0171jtem\u00e9nyeink az al\u00e1bbi nemek fajait tartalmazz\u00e1k:<\/p>\n<p><strong>Pachyrhynchini&nbsp;Sch\u00f6nherr, 1826<\/strong><\/p>\n<p><a href=\"https:\/\/artento.eu\/en\/gyujtemenyek\/curculionidae-ormanyosbogar-felek\/pachyrhynchini-nemzetseg\/alcidodes-genus\/\"><span style=\"color: #0000ff;\">Alcidodes <\/span><\/a>Marshall, 1939<\/p>\n<p><a href=\"https:\/\/artento.eu\/en\/gyujtemenyek\/curculionidae-ormanyosbogar-felek\/pachyrhynchini-nemzetseg\/celebia\/\"><span style=\"color: #0000ff;\">Celebia<\/span><\/a> Thomson, 1857<\/p>\n<p><a href=\"https:\/\/artento.eu\/en\/gyujtemenyek\/curculionidae-ormanyosbogar-felek\/pachyrhynchini-nemzetseg\/macrocyrtus\/\"><span style=\"color: #0000ff;\">Macrocyrtus <\/span><\/a>Heller, 1912<\/p>\n<p><a href=\"https:\/\/artento.eu\/en\/gyujtemenyek\/curculionidae-ormanyosbogar-felek\/pachyrhynchini-nemzetseg\/pachyrhynchus\/\"><span style=\"color: #0000ff;\">Pachyrrhynchus<\/span> <\/a>Germar, 1824<\/p>\n<p><a href=\"https:\/\/artento.eu\/en\/gyujtemenyek\/curculionidae-ormanyosbogar-felek\/pachyrhynchini-nemzetseg\/polycatus\/\"><span style=\"color: #0000ff;\">Polycatus<\/span> <\/a>Heller, 1913<\/p>\n<p>&nbsp;<\/p>\n","protected":false},"excerpt":{"rendered":"<p>A nemzets\u00e9g legszebb fajait \u00e9kszerorm\u00e1nyosoknak nevezz\u00fck (Coleoptera: Curculionidae: Pachyrhynchini). Gy\u0171jtem\u00e9nyeink az al\u00e1bbi nemek fajait tartalmazz\u00e1k: Pachyrhynchini&nbsp;Sch\u00f6nherr, 1826 Alcidodes Marshall, 1939 Celebia Thomson, 1857 Macrocyrtus Heller, 1912 Pachyrrhynchus Germar, 1824 Polycatus Heller, 1913 &nbsp;<\/p>\n","protected":false},"author":1,"featured_media":0,"parent":564,"menu_order":0,"comment_status":"closed","ping_status":"closed","template":"","meta":{"ngg_post_thumbnail":0,"footnotes":""},"class_list":["post-690","page","type-page","status-publish","hentry"],"_links":{"self":[{"href":"https:\/\/artento.eu\/en\/wp-json\/wp\/v2\/pages\/690","targetHints":{"allow":["GET"]}}],"collection":[{"href":"https:\/\/artento.eu\/en\/wp-json\/wp\/v2\/pages"}],"about":[{"href":"https:\/\/artento.eu\/en\/wp-json\/wp\/v2\/types\/page"}],"author":[{"embeddable":true,"href":"https:\/\/artento.eu\/en\/wp-json\/wp\/v2\/users\/1"}],"replies":[{"embeddable":true,"href":"https:\/\/artento.eu\/en\/wp-json\/wp\/v2\/comments?post=690"}],"version-history":[{"count":10,"href":"https:\/\/artento.eu\/en\/wp-json\/wp\/v2\/pages\/690\/revisions"}],"predecessor-version":[{"id":1064,"href":"https:\/\/artento.eu\/en\/wp-json\/wp\/v2\/pages\/690\/revisions\/1064"}],"up":[{"embeddable":true,"href":"https:\/\/artento.eu\/en\/wp-json\/wp\/v2\/pages\/564"}],"wp:attachment":[{"href":"https:\/\/artento.eu\/en\/wp-json\/wp\/v2\/media?parent=690"}],"curies":[{"name":"wp","href":"https:\/\/api.w.org\/{rel}","templated":true}]}}