{"id":542,"date":"2020-04-13T10:53:53","date_gmt":"2020-04-13T10:53:53","guid":{"rendered":"http:\/\/artento.eu\/?page_id=542"},"modified":"2020-12-17T22:13:48","modified_gmt":"2020-12-17T22:13:48","slug":"alapadatok","status":"publish","type":"page","link":"https:\/\/artento.eu\/en\/rolunk\/alapadatok\/","title":{"rendered":"Basic data"},"content":{"rendered":"<pre style=\"text-align: justify;\">Name: ARTENTO Alap\u00edtv\u00e1ny\r\nAddress: 1088 Budapest, Br\u00f3dy S. u. 32. 1\/19.\r\nCurator: Anna Dusnoki\r\nCourt registration number: 01-01-0012849 \r\nTax number: 19188878-1-42 \r\nCommunity tax number: HU19188878 \r\nStatistical number: 19188878-9499-569-01<\/pre>\n","protected":false},"excerpt":{"rendered":"<p>Name: ARTENTO Alap\u00edtv\u00e1ny Address: 1088 Budapest, Br\u00f3dy S. u. 32. 1\/19. Curator: Anna Dusnoki Court registration number: 01-01-0012849 Tax number: 19188878-1-42 Community tax number: HU19188878 Statistical number: 19188878-9499-569-01<\/p>\n","protected":false},"author":1,"featured_media":0,"parent":19,"menu_order":1,"comment_status":"closed","ping_status":"closed","template":"","meta":{"ngg_post_thumbnail":0,"footnotes":""},"class_list":["post-542","page","type-page","status-publish","hentry"],"_links":{"self":[{"href":"https:\/\/artento.eu\/en\/wp-json\/wp\/v2\/pages\/542","targetHints":{"allow":["GET"]}}],"collection":[{"href":"https:\/\/artento.eu\/en\/wp-json\/wp\/v2\/pages"}],"about":[{"href":"https:\/\/artento.eu\/en\/wp-json\/wp\/v2\/types\/page"}],"author":[{"embeddable":true,"href":"https:\/\/artento.eu\/en\/wp-json\/wp\/v2\/users\/1"}],"replies":[{"embeddable":true,"href":"https:\/\/artento.eu\/en\/wp-json\/wp\/v2\/comments?post=542"}],"version-history":[{"count":11,"href":"https:\/\/artento.eu\/en\/wp-json\/wp\/v2\/pages\/542\/revisions"}],"predecessor-version":[{"id":1163,"href":"https:\/\/artento.eu\/en\/wp-json\/wp\/v2\/pages\/542\/revisions\/1163"}],"up":[{"embeddable":true,"href":"https:\/\/artento.eu\/en\/wp-json\/wp\/v2\/pages\/19"}],"wp:attachment":[{"href":"https:\/\/artento.eu\/en\/wp-json\/wp\/v2\/media?parent=542"}],"curies":[{"name":"wp","href":"https:\/\/api.w.org\/{rel}","templated":true}]}}