{"id":28,"date":"2020-03-27T17:34:45","date_gmt":"2020-03-27T17:34:45","guid":{"rendered":"http:\/\/artento.eu\/?page_id=28"},"modified":"2020-12-17T23:30:32","modified_gmt":"2020-12-17T23:30:32","slug":"galeria","status":"publish","type":"page","link":"https:\/\/artento.eu\/en\/galeria\/","title":{"rendered":"Gallery"},"content":{"rendered":"\r\n<p>Paintings from K\u00e1lm\u00e1n Sz\u00e9kely: <a href=\"https:\/\/artento.eu\/album\/Sz%C3%A9kely%20K%C3%A1lm%C3%A1n\/\">Sz\u00e9kely K\u00e1lm\u00e1n&#8217;s works <\/a><\/p>\r\n<p>Esmeralda coreluea: <a href=\"https:\/\/artento.eu\/album\/Esmeralda\/\">Esmeralda<\/a><\/p>\r\n<p>Jewel Weevils:&nbsp;<a href=\"https:\/\/artento.eu\/album\/%C3%89kszerorm%C3%A1nyosok\/\">Jewel Weevils<\/a><\/p>\r\n<p>Insect treasures exhibition (August 2020): <a href=\"https:\/\/artento.eu\/album\/Rovarkincsek%20kill%C3%ADt%C3%A1s\/\">Insect treasures in V\u00e1szoly<\/a><\/p>\r\n\r\n\r\n\r\n\r\n","protected":false},"excerpt":{"rendered":"<p>Paintings from K\u00e1lm\u00e1n Sz\u00e9kely: Sz\u00e9kely K\u00e1lm\u00e1n&#8217;s works Esmeralda coreluea: Esmeralda Jewel Weevils:&nbsp;Jewel Weevils Insect treasures exhibition (August 2020): Insect treasures in V\u00e1szoly<\/p>\n","protected":false},"author":1,"featured_media":0,"parent":0,"menu_order":0,"comment_status":"closed","ping_status":"closed","template":"","meta":{"ngg_post_thumbnail":0,"footnotes":""},"class_list":["post-28","page","type-page","status-publish","hentry"],"_links":{"self":[{"href":"https:\/\/artento.eu\/en\/wp-json\/wp\/v2\/pages\/28","targetHints":{"allow":["GET"]}}],"collection":[{"href":"https:\/\/artento.eu\/en\/wp-json\/wp\/v2\/pages"}],"about":[{"href":"https:\/\/artento.eu\/en\/wp-json\/wp\/v2\/types\/page"}],"author":[{"embeddable":true,"href":"https:\/\/artento.eu\/en\/wp-json\/wp\/v2\/users\/1"}],"replies":[{"embeddable":true,"href":"https:\/\/artento.eu\/en\/wp-json\/wp\/v2\/comments?post=28"}],"version-history":[{"count":50,"href":"https:\/\/artento.eu\/en\/wp-json\/wp\/v2\/pages\/28\/revisions"}],"predecessor-version":[{"id":1177,"href":"https:\/\/artento.eu\/en\/wp-json\/wp\/v2\/pages\/28\/revisions\/1177"}],"wp:attachment":[{"href":"https:\/\/artento.eu\/en\/wp-json\/wp\/v2\/media?parent=28"}],"curies":[{"name":"wp","href":"https:\/\/api.w.org\/{rel}","templated":true}]}}