{"id":27,"date":"2020-03-27T17:34:45","date_gmt":"2020-03-27T17:34:45","guid":{"rendered":"http:\/\/artento.eu\/?page_id=27"},"modified":"2021-03-22T19:18:12","modified_gmt":"2021-03-22T19:18:12","slug":"programok","status":"publish","type":"page","link":"https:\/\/artento.eu\/en\/programok\/","title":{"rendered":"Programms"},"content":{"rendered":"\r\n<div id=\"ngg-imagebrowser-08b2d4a5a104dcb2e692b28828694cca-27\" class=\"ngg-imagebrowser default-view\" data-nextgen-gallery-id=\"08b2d4a5a104dcb2e692b28828694cca\">\r\n<h3>&nbsp;<\/h3>\r\n<h3><strong>March 2021<\/strong><\/h3>\r\n<div class=\"ngg-imagebrowser-nav\">Extended exhibition at the Hungarian Natural Science Museum<br>\r\n<div class=\"next\">&nbsp;<\/div>\r\n<\/div>\r\n<div>&nbsp;<\/div>\r\n<\/div>\r\n<hr>\r\n<p>&nbsp;<\/p>\r\n<h3><strong>8th November 2020 <br><\/strong><\/h3>\r\n<p>ARTENTO presentation and public meeting at the 2020 International Insect Fair.<\/p>\r\n<p>in KMO M\u0171vel\u0151d\u00e9si K\u00f6zpont<br>1191 Budapest, Teleki utca 50.<\/p>\r\n<div id=\"ngg-imagebrowser-08b2d4a5a104dcb2e692b28828694cca-27\" class=\"ngg-imagebrowser default-view\" data-nextgen-gallery-id=\"08b2d4a5a104dcb2e692b28828694cca\">\r\n<h3>INTERNATIONAL INSECT FAIR<\/h3>\r\n<div id=\"ngg-image-0\" class=\"pic\">\r\n<!-- default-view.php -->\n<div\n\tclass=\"ngg-galleryoverview default-view \"\n\tid=\"ngg-gallery-807f351fdb438434c716ce2f5723aa52-1\">\n\n\t\t<!-- Thumbnails -->\n\t\t\t\t<div id=\"ngg-image-0\" class=\"ngg-gallery-thumbnail-box \" >\n\t\t\t\t        <div class=\"ngg-gallery-thumbnail\">\n            <a href=\"https:\/\/artento.eu\/en\/wp-content\/gallery\/kmo-1\/UTF-8Rovarborze-2020-11-a2-color-web.jpg\"\n               title=\"\"\n               data-src=\"https:\/\/artento.eu\/en\/wp-content\/gallery\/kmo-1\/UTF-8Rovarborze-2020-11-a2-color-web.jpg\"\n               data-thumbnail=\"https:\/\/artento.eu\/en\/wp-content\/gallery\/kmo-1\/thumbs\/thumbs_UTF-8Rovarborze-2020-11-a2-color-web.jpg\"\n               data-image-id=\"86\"\n               data-title=\"UTF-8Rovarborze-2020-11-a2-color-web\"\n               data-description=\"\"\n               data-image-slug=\"utf-8rovarborze-2020-11-a2-color-web\"\n               class=\"ngg-fancybox\" rel=\"807f351fdb438434c716ce2f5723aa52\">\n                <img\n                    title=\"UTF-8Rovarborze-2020-11-a2-color-web\"\n                    alt=\"UTF-8Rovarborze-2020-11-a2-color-web\"\n                    src=\"https:\/\/artento.eu\/en\/wp-content\/gallery\/kmo-1\/thumbs\/thumbs_UTF-8Rovarborze-2020-11-a2-color-web.jpg\"\n                    width=\"240\"\n                    height=\"160\"\n                    style=\"max-width:100%;\"\n                \/>\n            <\/a>\n        <\/div>\n\t\t\t\t\t\t\t<\/div> \n\t\t\t\n\t\t\t\t<div id=\"ngg-image-1\" class=\"ngg-gallery-thumbnail-box \" >\n\t\t\t\t        <div class=\"ngg-gallery-thumbnail\">\n            <a href=\"https:\/\/artento.eu\/en\/wp-content\/gallery\/kmo-1\/KMO_ArtEnto_k-A_mod_k-masolata.png\"\n               title=\"\"\n               data-src=\"https:\/\/artento.eu\/en\/wp-content\/gallery\/kmo-1\/KMO_ArtEnto_k-A_mod_k-masolata.png\"\n               data-thumbnail=\"https:\/\/artento.eu\/en\/wp-content\/gallery\/kmo-1\/thumbs\/thumbs_KMO_ArtEnto_k-A_mod_k-masolata.png\"\n               data-image-id=\"84\"\n               data-title=\"KMO_ArtEnto_k-A_mod_k-masolata\"\n               data-description=\"\"\n               data-image-slug=\"kmo_artento_k-a_mod_k-masolata\"\n               class=\"ngg-fancybox\" rel=\"807f351fdb438434c716ce2f5723aa52\">\n                <img\n                    title=\"KMO_ArtEnto_k-A_mod_k-masolata\"\n                    alt=\"KMO_ArtEnto_k-A_mod_k-masolata\"\n                    src=\"https:\/\/artento.eu\/en\/wp-content\/gallery\/kmo-1\/thumbs\/thumbs_KMO_ArtEnto_k-A_mod_k-masolata.png\"\n                    width=\"240\"\n                    height=\"160\"\n                    style=\"max-width:100%;\"\n                \/>\n            <\/a>\n        <\/div>\n\t\t\t\t\t\t\t<\/div> \n\t\t\t\n\t\t\t\t<div id=\"ngg-image-2\" class=\"ngg-gallery-thumbnail-box \" >\n\t\t\t\t        <div class=\"ngg-gallery-thumbnail\">\n            <a href=\"https:\/\/artento.eu\/en\/wp-content\/gallery\/kmo-1\/KMO_ArtEnto_stand_mod_k-masolata.jpg\"\n               title=\"\"\n               data-src=\"https:\/\/artento.eu\/en\/wp-content\/gallery\/kmo-1\/KMO_ArtEnto_stand_mod_k-masolata.jpg\"\n               data-thumbnail=\"https:\/\/artento.eu\/en\/wp-content\/gallery\/kmo-1\/thumbs\/thumbs_KMO_ArtEnto_stand_mod_k-masolata.jpg\"\n               data-image-id=\"85\"\n               data-title=\"KMO_ArtEnto_stand_mod_k-masolata\"\n               data-description=\"\"\n               data-image-slug=\"kmo_artento_stand_mod_k-masolata\"\n               class=\"ngg-fancybox\" rel=\"807f351fdb438434c716ce2f5723aa52\">\n                <img\n                    title=\"KMO_ArtEnto_stand_mod_k-masolata\"\n                    alt=\"KMO_ArtEnto_stand_mod_k-masolata\"\n                    src=\"https:\/\/artento.eu\/en\/wp-content\/gallery\/kmo-1\/thumbs\/thumbs_KMO_ArtEnto_stand_mod_k-masolata.jpg\"\n                    width=\"240\"\n                    height=\"160\"\n                    style=\"max-width:100%;\"\n                \/>\n            <\/a>\n        <\/div>\n\t\t\t\t\t\t\t<\/div> \n\t\t\t\n\t\n\t<br style=\"clear: both\" \/>\n\n\t\n\t\t<!-- Pagination -->\n\t<div class='ngg-clear'><\/div>\t<\/div>\n\r\n<\/div>\r\n<div class=\"ngg-imagebrowser-nav\">\r\n<div class=\"back\">&nbsp;<\/div>\r\n&nbsp;\r\n<div class=\"next\">&nbsp;<\/div>\r\n<\/div>\r\n<\/div>\r\n<hr>\r\n<p>&nbsp;<\/p>\r\n<h3><strong>19th August 2020<br><\/strong><\/h3>\r\n<h4><strong>Abkhazia, the pearl of the Caucasus through the eyes of an entomologist<\/strong><\/h4>\r\n<h4>Lecture from Imre Retez\u00e1r about Abkhazian collecting works, landscapes, people, customs and of course insects.<\/h4>\r\n<div id=\"ngg-imagebrowser-502946d65dad95153774c697032eb43c-27\" class=\"ngg-imagebrowser default-view\" data-nextgen-gallery-id=\"502946d65dad95153774c697032eb43c\">\r\n<div id=\"ngg-image-0\" class=\"pic\">&nbsp;<\/div>\r\n<div class=\"ngg-imagebrowser-nav\">\r\n<div class=\"back\">&nbsp;<\/div>\r\n<!-- default-view.php -->\n<div\n\tclass=\"ngg-galleryoverview default-view \"\n\tid=\"ngg-gallery-4ae37a61a33ade428fff71f9605fc0e8-1\">\n\n\t\t<!-- Thumbnails -->\n\t\t\t\t<div id=\"ngg-image-0\" class=\"ngg-gallery-thumbnail-box \" >\n\t\t\t\t        <div class=\"ngg-gallery-thumbnail\">\n            <a href=\"https:\/\/artento.eu\/en\/wp-content\/gallery\/imre-eloadas\/DSC0101_56070.jpg\"\n               title=\"????????????????????????????????????\"\n               data-src=\"https:\/\/artento.eu\/en\/wp-content\/gallery\/imre-eloadas\/DSC0101_56070.jpg\"\n               data-thumbnail=\"https:\/\/artento.eu\/en\/wp-content\/gallery\/imre-eloadas\/thumbs\/thumbs_DSC0101_56070.jpg\"\n               data-image-id=\"88\"\n               data-title=\"DSC0101_56070\"\n               data-description=\"????????????????????????????????????\"\n               data-image-slug=\"dsc0101_56070\"\n               class=\"ngg-fancybox\" rel=\"4ae37a61a33ade428fff71f9605fc0e8\">\n                <img\n                    title=\"DSC0101_56070\"\n                    alt=\"DSC0101_56070\"\n                    src=\"https:\/\/artento.eu\/en\/wp-content\/gallery\/imre-eloadas\/thumbs\/thumbs_DSC0101_56070.jpg\"\n                    width=\"240\"\n                    height=\"160\"\n                    style=\"max-width:100%;\"\n                \/>\n            <\/a>\n        <\/div>\n\t\t\t\t\t\t\t<\/div> \n\t\t\t\n\t\t\t\t<div id=\"ngg-image-1\" class=\"ngg-gallery-thumbnail-box \" >\n\t\t\t\t        <div class=\"ngg-gallery-thumbnail\">\n            <a href=\"https:\/\/artento.eu\/en\/wp-content\/gallery\/imre-eloadas\/DSC0102_56071.jpg\"\n               title=\"????????????????????????????????????\"\n               data-src=\"https:\/\/artento.eu\/en\/wp-content\/gallery\/imre-eloadas\/DSC0102_56071.jpg\"\n               data-thumbnail=\"https:\/\/artento.eu\/en\/wp-content\/gallery\/imre-eloadas\/thumbs\/thumbs_DSC0102_56071.jpg\"\n               data-image-id=\"89\"\n               data-title=\"DSC0102_56071\"\n               data-description=\"????????????????????????????????????\"\n               data-image-slug=\"dsc0102_56071\"\n               class=\"ngg-fancybox\" rel=\"4ae37a61a33ade428fff71f9605fc0e8\">\n                <img\n                    title=\"DSC0102_56071\"\n                    alt=\"DSC0102_56071\"\n                    src=\"https:\/\/artento.eu\/en\/wp-content\/gallery\/imre-eloadas\/thumbs\/thumbs_DSC0102_56071.jpg\"\n                    width=\"240\"\n                    height=\"160\"\n                    style=\"max-width:100%;\"\n                \/>\n            <\/a>\n        <\/div>\n\t\t\t\t\t\t\t<\/div> \n\t\t\t\n\t\t\t\t<div id=\"ngg-image-2\" class=\"ngg-gallery-thumbnail-box \" >\n\t\t\t\t        <div class=\"ngg-gallery-thumbnail\">\n            <a href=\"https:\/\/artento.eu\/en\/wp-content\/gallery\/imre-eloadas\/DSC0100_56069.jpg\"\n               title=\"????????????????????????????????????\"\n               data-src=\"https:\/\/artento.eu\/en\/wp-content\/gallery\/imre-eloadas\/DSC0100_56069.jpg\"\n               data-thumbnail=\"https:\/\/artento.eu\/en\/wp-content\/gallery\/imre-eloadas\/thumbs\/thumbs_DSC0100_56069.jpg\"\n               data-image-id=\"90\"\n               data-title=\"DSC0100_56069\"\n               data-description=\"????????????????????????????????????\"\n               data-image-slug=\"dsc0100_56069\"\n               class=\"ngg-fancybox\" rel=\"4ae37a61a33ade428fff71f9605fc0e8\">\n                <img\n                    title=\"DSC0100_56069\"\n                    alt=\"DSC0100_56069\"\n                    src=\"https:\/\/artento.eu\/en\/wp-content\/gallery\/imre-eloadas\/thumbs\/thumbs_DSC0100_56069.jpg\"\n                    width=\"240\"\n                    height=\"160\"\n                    style=\"max-width:100%;\"\n                \/>\n            <\/a>\n        <\/div>\n\t\t\t\t\t\t\t<\/div> \n\t\t\t\n\t\t\t\t<div id=\"ngg-image-3\" class=\"ngg-gallery-thumbnail-box \" >\n\t\t\t\t        <div class=\"ngg-gallery-thumbnail\">\n            <a href=\"https:\/\/artento.eu\/en\/wp-content\/gallery\/imre-eloadas\/Imre_jo.jpg\"\n               title=\"????????????????????????????????????\"\n               data-src=\"https:\/\/artento.eu\/en\/wp-content\/gallery\/imre-eloadas\/Imre_jo.jpg\"\n               data-thumbnail=\"https:\/\/artento.eu\/en\/wp-content\/gallery\/imre-eloadas\/thumbs\/thumbs_Imre_jo.jpg\"\n               data-image-id=\"91\"\n               data-title=\"Imre_jo\"\n               data-description=\"????????????????????????????????????\"\n               data-image-slug=\"imre_jo\"\n               class=\"ngg-fancybox\" rel=\"4ae37a61a33ade428fff71f9605fc0e8\">\n                <img\n                    title=\"Imre_jo\"\n                    alt=\"Imre_jo\"\n                    src=\"https:\/\/artento.eu\/en\/wp-content\/gallery\/imre-eloadas\/thumbs\/thumbs_Imre_jo.jpg\"\n                    width=\"240\"\n                    height=\"160\"\n                    style=\"max-width:100%;\"\n                \/>\n            <\/a>\n        <\/div>\n\t\t\t\t\t\t\t<\/div> \n\t\t\t\n\t\n\t<br style=\"clear: both\" \/>\n\n\t\n\t\t<!-- Pagination -->\n\t<div class='ngg-clear'><\/div>\t<\/div>\n\r\n<h3>&nbsp;<\/h3>\r\n<div class=\"ngg-imagebrowser-desc\">\r\n<p>&nbsp;<\/p>\r\n<\/div>\r\n<\/div>\r\n<\/div>\r\n<hr>\r\n<p>&nbsp;<\/p>\r\n<h3><strong> 1st-30th August 2020<\/strong><\/h3>\r\n<h3><strong>&#8216;Insect Treasures&#8217; &#8211; jewel weevils, Exhibition in V\u00e1szoly:<br><\/strong><\/h3>\r\n<p>as part of the cultural event &#8222;V\u00e1szolyi Summer 2020&#8221;<\/p>\r\n\n\n<div class=\"ngg-galleryoverview ngg-slideshow\"\n\t id=\"ngg-slideshow-ea18de7ac986a510c6f31aac6d1defc2-5433082050\"\n     data-gallery-id=\"ea18de7ac986a510c6f31aac6d1defc2\"\n     style=\"max-width: 750px; max-height: 500px;\">\n\n \t<div id=\"ngg-image-0\" class=\"ngg-gallery-slideshow-image\" style=\"height:500px\">\n\n        <a href=\"https:\/\/artento.eu\/en\/wp-content\/gallery\/posters\/Insect-treasures.jpg\"\n           title=\"\"\n           data-src=\"https:\/\/artento.eu\/en\/wp-content\/gallery\/posters\/Insect-treasures.jpg\"\n           data-thumbnail=\"https:\/\/artento.eu\/en\/wp-content\/gallery\/posters\/thumbs\/thumbs_Insect-treasures.jpg\"\n           data-image-id=\"87\"\n           data-title=\"Insect-treasures\"\n           data-description=\"\"\n           class=\"ngg-fancybox\" rel=\"ea18de7ac986a510c6f31aac6d1defc2\">\n\n            <img data-image-id='87'\n                 title=\"\"\n                 alt=\"Insect-treasures\"\n                 src=\"https:\/\/artento.eu\/en\/wp-content\/gallery\/posters\/Insect-treasures.jpg\"\n                 style=\"max-height: 480px;\"\/>\n        <\/a>\n\n        <\/div> \n<\/div>\n\n\n\n\r\n<p>&nbsp;<\/p>\r\n","protected":false},"excerpt":{"rendered":"<p>&nbsp; March 2021 Extended exhibition at the Hungarian Natural Science Museum &nbsp; &nbsp; &nbsp; 8th November 2020 ARTENTO presentation and public meeting at the 2020 International Insect Fair. in KMO M\u0171vel\u0151d\u00e9si K\u00f6zpont1191 Budapest, Teleki utca 50. INTERNATIONAL INSECT FAIR &nbsp; &nbsp; &nbsp; &nbsp; 19th August 2020 Abkhazia, the pearl of the Caucasus through the eyes&#8230;<\/p>\n","protected":false},"author":1,"featured_media":0,"parent":0,"menu_order":0,"comment_status":"closed","ping_status":"closed","template":"","meta":{"ngg_post_thumbnail":0,"footnotes":""},"class_list":["post-27","page","type-page","status-publish","hentry"],"_links":{"self":[{"href":"https:\/\/artento.eu\/en\/wp-json\/wp\/v2\/pages\/27","targetHints":{"allow":["GET"]}}],"collection":[{"href":"https:\/\/artento.eu\/en\/wp-json\/wp\/v2\/pages"}],"about":[{"href":"https:\/\/artento.eu\/en\/wp-json\/wp\/v2\/types\/page"}],"author":[{"embeddable":true,"href":"https:\/\/artento.eu\/en\/wp-json\/wp\/v2\/users\/1"}],"replies":[{"embeddable":true,"href":"https:\/\/artento.eu\/en\/wp-json\/wp\/v2\/comments?post=27"}],"version-history":[{"count":26,"href":"https:\/\/artento.eu\/en\/wp-json\/wp\/v2\/pages\/27\/revisions"}],"predecessor-version":[{"id":1189,"href":"https:\/\/artento.eu\/en\/wp-json\/wp\/v2\/pages\/27\/revisions\/1189"}],"wp:attachment":[{"href":"https:\/\/artento.eu\/en\/wp-json\/wp\/v2\/media?parent=27"}],"curies":[{"name":"wp","href":"https:\/\/api.w.org\/{rel}","templated":true}]}}