{"id":19,"date":"2020-03-27T17:34:45","date_gmt":"2020-03-27T17:34:45","guid":{"rendered":"http:\/\/artento.eu\/?page_id=19"},"modified":"2020-12-17T21:43:21","modified_gmt":"2020-12-17T21:43:21","slug":"rolunk","status":"publish","type":"page","link":"https:\/\/artento.eu\/en\/rolunk\/","title":{"rendered":"About us"},"content":{"rendered":"<p style=\"margin: 0cm; margin-bottom: .0001pt; text-align: justify;\"><span style=\"font-family: 'IBM Plex Sans Light','sans-serif';\">The founders of the ARTENTO Foundation are amateur entomologists who are, with associated helpers, highly committed to the Foundation\u2019s objectives. In addition to maintaining and expanding our collections, our goal is to show the magnificent world of colors and shapes of the insect world in a new artistic concept, while preserving the scientific value of insects. The resulting works are called EFAs (Entimological Fantasy).<\/span><\/p>\n<p>&nbsp;<\/p>\n<!-- default-view.php -->\n<div\n\tclass=\"ngg-galleryoverview default-view \"\n\tid=\"ngg-gallery-ccc1f17ae966230a180534842894237c-1\">\n\n\t\t<!-- Thumbnails -->\n\t\t\t\t<div id=\"ngg-image-0\" class=\"ngg-gallery-thumbnail-box \" >\n\t\t\t\t        <div class=\"ngg-gallery-thumbnail\">\n            <a href=\"https:\/\/artento.eu\/en\/wp-content\/gallery\/mink\/1_mink.jpg\"\n               title=\"\"\n               data-src=\"https:\/\/artento.eu\/en\/wp-content\/gallery\/mink\/1_mink.jpg\"\n               data-thumbnail=\"https:\/\/artento.eu\/en\/wp-content\/gallery\/mink\/thumbs\/thumbs_1_mink.jpg\"\n               data-image-id=\"76\"\n               data-title=\"1_mink\"\n               data-description=\"\"\n               data-image-slug=\"1_mink\"\n               class=\"ngg-fancybox\" rel=\"ccc1f17ae966230a180534842894237c\">\n                <img\n                    title=\"1_mink\"\n                    alt=\"1_mink\"\n                    src=\"https:\/\/artento.eu\/en\/wp-content\/gallery\/mink\/thumbs\/thumbs_1_mink.jpg\"\n                    width=\"240\"\n                    height=\"160\"\n                    style=\"max-width:100%;\"\n                \/>\n            <\/a>\n        <\/div>\n\t\t\t\t\t\t\t<\/div> \n\t\t\t\n\t\t\t\t<div id=\"ngg-image-1\" class=\"ngg-gallery-thumbnail-box \" >\n\t\t\t\t        <div class=\"ngg-gallery-thumbnail\">\n            <a href=\"https:\/\/artento.eu\/en\/wp-content\/gallery\/mink\/Imre.2.jpg\"\n               title=\"\"\n               data-src=\"https:\/\/artento.eu\/en\/wp-content\/gallery\/mink\/Imre.2.jpg\"\n               data-thumbnail=\"https:\/\/artento.eu\/en\/wp-content\/gallery\/mink\/thumbs\/thumbs_Imre.2.jpg\"\n               data-image-id=\"80\"\n               data-title=\"Imre.2\"\n               data-description=\"\"\n               data-image-slug=\"imre-2\"\n               class=\"ngg-fancybox\" rel=\"ccc1f17ae966230a180534842894237c\">\n                <img\n                    title=\"Imre.2\"\n                    alt=\"Imre.2\"\n                    src=\"https:\/\/artento.eu\/en\/wp-content\/gallery\/mink\/thumbs\/thumbs_Imre.2.jpg\"\n                    width=\"240\"\n                    height=\"160\"\n                    style=\"max-width:100%;\"\n                \/>\n            <\/a>\n        <\/div>\n\t\t\t\t\t\t\t<\/div> \n\t\t\t\n\t\t\t\t<div id=\"ngg-image-2\" class=\"ngg-gallery-thumbnail-box \" >\n\t\t\t\t        <div class=\"ngg-gallery-thumbnail\">\n            <a href=\"https:\/\/artento.eu\/en\/wp-content\/gallery\/mink\/Attila-halo.jpg\"\n               title=\"\"\n               data-src=\"https:\/\/artento.eu\/en\/wp-content\/gallery\/mink\/Attila-halo.jpg\"\n               data-thumbnail=\"https:\/\/artento.eu\/en\/wp-content\/gallery\/mink\/thumbs\/thumbs_Attila-halo.jpg\"\n               data-image-id=\"82\"\n               data-title=\"Attila-halo\"\n               data-description=\"\"\n               data-image-slug=\"attila-halo\"\n               class=\"ngg-fancybox\" rel=\"ccc1f17ae966230a180534842894237c\">\n                <img\n                    title=\"Attila-halo\"\n                    alt=\"Attila-halo\"\n                    src=\"https:\/\/artento.eu\/en\/wp-content\/gallery\/mink\/thumbs\/thumbs_Attila-halo.jpg\"\n                    width=\"240\"\n                    height=\"160\"\n                    style=\"max-width:100%;\"\n                \/>\n            <\/a>\n        <\/div>\n\t\t\t\t\t\t\t<\/div> \n\t\t\t\n\t\n\t<br style=\"clear: both\" \/>\n\n\t\n\t\t<!-- Pagination -->\n\t<div class='ngg-clear'><\/div>\t<\/div>\n\n<p style=\"text-align: center;\"><em>Anna Dusnoki, K\u00e1lm\u00e1n Sz\u00e9kely, Imre Retez\u00e1r, Attila Podluss\u00e1ny<\/em><\/p>\n","protected":false},"excerpt":{"rendered":"<p>The founders of the ARTENTO Foundation are amateur entomologists who are, with associated helpers, highly committed to the Foundation\u2019s objectives. In addition to maintaining and expanding our collections, our goal is to show the magnificent world of colors and shapes of the insect world in a new artistic concept, while preserving the scientific value of&#8230;<\/p>\n","protected":false},"author":1,"featured_media":0,"parent":0,"menu_order":0,"comment_status":"closed","ping_status":"closed","template":"","meta":{"ngg_post_thumbnail":0,"footnotes":""},"class_list":["post-19","page","type-page","status-publish","hentry"],"_links":{"self":[{"href":"https:\/\/artento.eu\/en\/wp-json\/wp\/v2\/pages\/19","targetHints":{"allow":["GET"]}}],"collection":[{"href":"https:\/\/artento.eu\/en\/wp-json\/wp\/v2\/pages"}],"about":[{"href":"https:\/\/artento.eu\/en\/wp-json\/wp\/v2\/types\/page"}],"author":[{"embeddable":true,"href":"https:\/\/artento.eu\/en\/wp-json\/wp\/v2\/users\/1"}],"replies":[{"embeddable":true,"href":"https:\/\/artento.eu\/en\/wp-json\/wp\/v2\/comments?post=19"}],"version-history":[{"count":40,"href":"https:\/\/artento.eu\/en\/wp-json\/wp\/v2\/pages\/19\/revisions"}],"predecessor-version":[{"id":1137,"href":"https:\/\/artento.eu\/en\/wp-json\/wp\/v2\/pages\/19\/revisions\/1137"}],"wp:attachment":[{"href":"https:\/\/artento.eu\/en\/wp-json\/wp\/v2\/media?parent=19"}],"curies":[{"name":"wp","href":"https:\/\/api.w.org\/{rel}","templated":true}]}}