{"id":709,"date":"2020-04-15T15:19:50","date_gmt":"2020-04-15T15:19:50","guid":{"rendered":"http:\/\/artento.eu\/?page_id=709"},"modified":"2020-04-15T15:25:14","modified_gmt":"2020-04-15T15:25:14","slug":"macrocyrtus","status":"publish","type":"page","link":"https:\/\/artento.eu\/de\/gyujtemenyek\/curculionidae-ormanyosbogar-felek\/pachyrhynchini-nemzetseg\/macrocyrtus\/","title":{"rendered":"Macrocyrtus"},"content":{"rendered":"<p><strong>Macrocyrtus-fajok a gy\u0171jtem\u00e9nyeinkben<\/strong><\/p>\n<p>Az ARTENTO Alap\u00edtv\u00e1ny kezel\u00e9s\u00e9ben nyilv\u00e1ntartott gy\u0171jtem\u00e9nyekben \u00f6sszesen 4 faj p\u00e9ld\u00e1nyai tal\u00e1lhat\u00f3k:<\/p>\n<p><strong>Macrocyrtus\u00a0Heller, 1912<\/strong><\/p>\n<p style=\"padding-left: 80px;\"><em><span style=\"color: #0000ff;\">labuyanensis<\/span><\/em><\/p>\n","protected":false},"excerpt":{"rendered":"<p>Macrocyrtus-fajok a gy\u0171jtem\u00e9nyeinkben Az ARTENTO Alap\u00edtv\u00e1ny kezel\u00e9s\u00e9ben nyilv\u00e1ntartott gy\u0171jtem\u00e9nyekben \u00f6sszesen 4 faj p\u00e9ld\u00e1nyai tal\u00e1lhat\u00f3k: Macrocyrtus\u00a0Heller, 1912 labuyanensis<\/p>\n","protected":false},"author":1,"featured_media":0,"parent":690,"menu_order":0,"comment_status":"closed","ping_status":"closed","template":"","meta":{"ngg_post_thumbnail":0},"_links":{"self":[{"href":"https:\/\/artento.eu\/de\/wp-json\/wp\/v2\/pages\/709"}],"collection":[{"href":"https:\/\/artento.eu\/de\/wp-json\/wp\/v2\/pages"}],"about":[{"href":"https:\/\/artento.eu\/de\/wp-json\/wp\/v2\/types\/page"}],"author":[{"embeddable":true,"href":"https:\/\/artento.eu\/de\/wp-json\/wp\/v2\/users\/1"}],"replies":[{"embeddable":true,"href":"https:\/\/artento.eu\/de\/wp-json\/wp\/v2\/comments?post=709"}],"version-history":[{"count":3,"href":"https:\/\/artento.eu\/de\/wp-json\/wp\/v2\/pages\/709\/revisions"}],"predecessor-version":[{"id":716,"href":"https:\/\/artento.eu\/de\/wp-json\/wp\/v2\/pages\/709\/revisions\/716"}],"up":[{"embeddable":true,"href":"https:\/\/artento.eu\/de\/wp-json\/wp\/v2\/pages\/690"}],"wp:attachment":[{"href":"https:\/\/artento.eu\/de\/wp-json\/wp\/v2\/media?parent=709"}],"curies":[{"name":"wp","href":"https:\/\/api.w.org\/{rel}","templated":true}]}}