{"id":62,"date":"2020-03-29T16:22:57","date_gmt":"2020-03-29T16:22:57","guid":{"rendered":"http:\/\/artento.eu\/?page_id=62"},"modified":"2020-12-10T22:51:58","modified_gmt":"2020-12-10T22:51:58","slug":"tamogatas","status":"publish","type":"page","link":"https:\/\/artento.eu\/de\/tamogatas\/","title":{"rendered":"Spende"},"content":{"rendered":"\r\n<p>Wir freuen uns \u00fcber Spenden zur Untehaltung der Stiftung, sowie zur Pflege und Pr\u00e4sentation der Sammlungen der Stiftung.<\/p>\r\n<p>Sie k\u00f6nnen uns Ihre einmaligen oder monatlich regelm\u00e4\u00dfigen Spenden auf folgende Weise senden:<\/p>\r\n<p><strong>Via Bank\u00fcberweisung (ohne Abzug erhalten wir Ihre Spende):<\/strong><\/p>\r\n<ul>\r\n<li>Name des Kontoinhabers: ARTENTO Foundation<\/li>\r\n<li>Kontof\u00fchrungsbank: Erste Bank Hungary Zrt., Budapest<\/li>\r\n<li>Kontonummer: 11600006-00000000-84973391<\/li>\r\n<li>SWIFT\/BIC: GIBAHUHB<\/li>\r\n<li>IBAN: HU05 1160 0006 0000 0000 8497 3391<\/li>\r\n<\/ul>\r\n<p>oder<\/p>\r\n<p>Via <strong>Bank- oder Kreditkarte<\/strong> (8% Abzug)&nbsp; \u00fcber das sichere PayPal-System:<\/p>\r\n<form action=\"https:\/\/www.paypal.com\/cgi-bin\/webscr\" method=\"post\" target=\"_top\">\r\n<p><input name=\"cmd\" type=\"hidden\" value=\"_s-xclick\"> <input name=\"hosted_button_id\" type=\"hidden\" value=\"LNHQZSFUD7CFS\"> <input title=\"PayPal - The safer, easier way to pay online!\" alt=\"Donate with PayPal button\" name=\"submit\" src=\"https:\/\/www.paypalobjects.com\/en_US\/i\/btn\/btn_donateCC_LG.gif\" type=\"image\">&nbsp;<\/p>\r\n<p>Die Namen unserer Spender werden nur auf besonderem Wunsch auf der Website ver\u00f6ffentlicht. Wenn Sie dies w\u00fcnschen, senden Sie uns bitte eine Anfrage an die E-Mail-Adresse: info@artento.eu und wir werden das gerne erf\u00fcllen!<\/p>\r\n<p>&nbsp;<\/p>\r\n<p>Vielen Dank!<\/p>\r\n<\/form>","protected":false},"excerpt":{"rendered":"<p>Wir freuen uns \u00fcber Spenden zur Untehaltung der Stiftung, sowie zur Pflege und Pr\u00e4sentation der Sammlungen der Stiftung. Sie k\u00f6nnen uns Ihre einmaligen oder monatlich regelm\u00e4\u00dfigen Spenden auf folgende Weise senden: Via Bank\u00fcberweisung (ohne Abzug erhalten wir Ihre Spende): Name des Kontoinhabers: ARTENTO Foundation Kontof\u00fchrungsbank: Erste Bank Hungary Zrt., Budapest Kontonummer: 11600006-00000000-84973391 SWIFT\/BIC: GIBAHUHB IBAN: [&hellip;]<\/p>\n","protected":false},"author":1,"featured_media":0,"parent":0,"menu_order":0,"comment_status":"closed","ping_status":"closed","template":"","meta":{"ngg_post_thumbnail":0},"_links":{"self":[{"href":"https:\/\/artento.eu\/de\/wp-json\/wp\/v2\/pages\/62"}],"collection":[{"href":"https:\/\/artento.eu\/de\/wp-json\/wp\/v2\/pages"}],"about":[{"href":"https:\/\/artento.eu\/de\/wp-json\/wp\/v2\/types\/page"}],"author":[{"embeddable":true,"href":"https:\/\/artento.eu\/de\/wp-json\/wp\/v2\/users\/1"}],"replies":[{"embeddable":true,"href":"https:\/\/artento.eu\/de\/wp-json\/wp\/v2\/comments?post=62"}],"version-history":[{"count":11,"href":"https:\/\/artento.eu\/de\/wp-json\/wp\/v2\/pages\/62\/revisions"}],"predecessor-version":[{"id":1215,"href":"https:\/\/artento.eu\/de\/wp-json\/wp\/v2\/pages\/62\/revisions\/1215"}],"wp:attachment":[{"href":"https:\/\/artento.eu\/de\/wp-json\/wp\/v2\/media?parent=62"}],"curies":[{"name":"wp","href":"https:\/\/api.w.org\/{rel}","templated":true}]}}