{"id":537,"date":"2020-04-13T09:55:49","date_gmt":"2020-04-13T09:55:49","guid":{"rendered":"http:\/\/artento.eu\/?page_id=537"},"modified":"2020-07-18T22:18:33","modified_gmt":"2020-07-18T22:18:33","slug":"tortenet","status":"publish","type":"page","link":"https:\/\/artento.eu\/de\/rolunk\/tortenet\/","title":{"rendered":"Geschichte"},"content":{"rendered":"<h1><em><span style=\"color: #999999;\">Vorgeschichte<\/span><\/em><\/h1>\n<p style=\"text-align: justify;\">Der Instinkt zum Sammeln liegt in der menschlichen Natur. Der Sammellebensstil unserer Vorfahren aus der Steinzeit beschr\u00e4nkte sich jedoch nicht nur auf die Beschaffung von Nahrungsmitteln. Das Funkeln einiger Steine, die besondere Form der Knochen, die bizarre Sch\u00f6nheit von Vogelfedern und Schmetterlingen m\u00f6gen seine Aufmerksamkeit erregt haben. Objekte und Juwelen der fr\u00fchen Zivilisation, Ausdruck der Erfahrung des direkten Kontakts mit der nat\u00fcrlichen Umwelt. Die gesammelten Muschelschalen, Schneckenh\u00e4user, Fr\u00fcchte und tierischen K\u00f6rperteile bildeten den Rohstoff der Stammeskunst. Der K\u00f6rper des Zauberers war mit t\u00e4towierten Totemtieren geschm\u00fcckt, und seine rituellen Gegenst\u00e4nde waren mit stilisierten Ornamenten der Biosph\u00e4re geschm\u00fcckt. Die gemeinsame Entwicklung der biologischen Umwelt und Kultur hat unser Bewusstsein lange Zeit gepr\u00e4gt.<\/p>\n<h1><em><span style=\"color: #999999;\">Die Krise der Harmonie<\/span><\/em><\/h1>\n<p style=\"text-align: justify;\">Das Aufkommen der Technologie hat die Naturerfahrung, die Menschen erleben m\u00f6gen, jedoch allm\u00e4hlich in den Hintergrund ger\u00fcckt und eine L\u00fccke sowohl in biologischer als auch in mentaler Hinsicht hinterlassen. W\u00e4hrend der Entwicklung der Zivilisation hat sich unser Verh\u00e4ltnis zur Natur so ver\u00e4ndert, dass wir uns im Laufe des Alltags v\u00f6llig von ihnen gel\u00f6st haben und unsere diesbez\u00fcglichen Erfahrungen und Kenntnisse verloren haben. Dennoch kehren diese vergessenen Gef\u00fchle zu einem besonderen Zeitpunkt unserer Begegnung mit der unber\u00fchrten Natur zur\u00fcck. Wir glauben, dass eine der Hauptaufgaben von Wissenschaft und Kunst darin besteht, diesen Widerspruch aufzul\u00f6sen. In diesem Sinne ist es unser Ziel, Sammlungen zu schaffen und zu bewahren, erfahrungsbasierter Wissenstransfer durch kreative Programme zu veranstalten.<\/p>\n<p style=\"text-align: justify;\">Als Verwalter von K\u00e4fersammlungen in Privatbesitz unterst\u00fctzt die ARTENTO Foundation die wissenschaftliche Forschung, indem sie die Sammlungen zug\u00e4nglich macht und durch ihre Pr\u00e4sentation zur Weitergabe der Werte der nat\u00fcrlichen Umwelt beitr\u00e4gt. Unser Hauptfachgebiet ist die Insektenwelt, sowie die F\u00f6rderung und Verbreitung der damit verbundenen kognitiven Inhalte. In erster Linie bauen wir unsere Programme auf dem kreativen Potenzial auf, das der Interaktion von Biologie und Kunst innewohnt, und bem\u00fchen uns, die Popularit\u00e4t der Insekten weiter zu f\u00f6rdern.<\/p>\n<h1 style=\"text-align: justify;\"><em><span style=\"color: #999999;\">Agenden<\/span><\/em><\/h1>\n<p>Eine kleine R\u00fcckkehr zur Natur, die f\u00fcr uns ein Grundwert ist. Unser Ziel ist es neben der Pflege und Erweiterung unserer Sammlungen, im Gegensatz zu den bekannten wissenschaftlichen oder aufstrebenden Sammlungen die gro\u00dfartige Farben- und Formenwelt der Insektenwelt in einem neuen k\u00fcnstlerischen Konzept zu zeigen und gleichzeitig den wissenschaftlichen Wert der Insekten zu bewahren. Die daraus resultierenden Werken hei\u00dfen EFA (Entimological Fantasy).<\/p>\n<p>&nbsp;<\/p>\n","protected":false},"excerpt":{"rendered":"<p>Vorgeschichte Der Instinkt zum Sammeln liegt in der menschlichen Natur. Der Sammellebensstil unserer Vorfahren aus der Steinzeit beschr\u00e4nkte sich jedoch nicht nur auf die Beschaffung von Nahrungsmitteln. Das Funkeln einiger Steine, die besondere Form der Knochen, die bizarre Sch\u00f6nheit von Vogelfedern und Schmetterlingen m\u00f6gen seine Aufmerksamkeit erregt haben. Objekte und Juwelen der fr\u00fchen Zivilisation, Ausdruck [&hellip;]<\/p>\n","protected":false},"author":1,"featured_media":0,"parent":19,"menu_order":2,"comment_status":"closed","ping_status":"closed","template":"","meta":{"ngg_post_thumbnail":0},"_links":{"self":[{"href":"https:\/\/artento.eu\/de\/wp-json\/wp\/v2\/pages\/537"}],"collection":[{"href":"https:\/\/artento.eu\/de\/wp-json\/wp\/v2\/pages"}],"about":[{"href":"https:\/\/artento.eu\/de\/wp-json\/wp\/v2\/types\/page"}],"author":[{"embeddable":true,"href":"https:\/\/artento.eu\/de\/wp-json\/wp\/v2\/users\/1"}],"replies":[{"embeddable":true,"href":"https:\/\/artento.eu\/de\/wp-json\/wp\/v2\/comments?post=537"}],"version-history":[{"count":16,"href":"https:\/\/artento.eu\/de\/wp-json\/wp\/v2\/pages\/537\/revisions"}],"predecessor-version":[{"id":1155,"href":"https:\/\/artento.eu\/de\/wp-json\/wp\/v2\/pages\/537\/revisions\/1155"}],"up":[{"embeddable":true,"href":"https:\/\/artento.eu\/de\/wp-json\/wp\/v2\/pages\/19"}],"wp:attachment":[{"href":"https:\/\/artento.eu\/de\/wp-json\/wp\/v2\/media?parent=537"}],"curies":[{"name":"wp","href":"https:\/\/api.w.org\/{rel}","templated":true}]}}