{"id":29,"date":"2020-03-27T17:34:45","date_gmt":"2020-03-27T17:34:45","guid":{"rendered":"http:\/\/artento.eu\/?page_id=29"},"modified":"2020-06-01T12:24:12","modified_gmt":"2020-06-01T12:24:12","slug":"adatkezelesi-szabalyzat","status":"publish","type":"page","link":"https:\/\/artento.eu\/de\/adatkezelesi-szabalyzat\/","title":{"rendered":"Datenschutz"},"content":{"rendered":"\r\n<p>Az ARTENTO.eu-t az ARTENTO Alap\u00edtv\u00e1ny \u00fczemelteti. Az ARTENTO jelen nyilatkozat\u00e1val t\u00e1j\u00e9koztatja a honlap l\u00e1togat\u00f3it \u00e9s felhaszn\u00e1l\u00f3it adatkezel\u00e9si gyakorlat\u00e1r\u00f3l, az adatok v\u00e9delme \u00e9rdek\u00e9ben megtett szervez\u00e9si \u00e9s technikai int\u00e9zked\u00e9seir\u0151l \u00e9s a felhaszn\u00e1l\u00f3k jogorvoslati lehet\u0151s\u00e9geikr\u0151l. Amikor az ARTENTO.eu szolg\u00e1ltat\u00e1sait haszn\u00e1lja, az adatkezel\u0151re b\u00edz bizonyos szem\u00e9lyes adatokat.<\/p>\r\n\r\n\r\n\r\n<p><strong>Az adatkezel\u0151<\/strong><\/p>\r\n\r\n\r\n\r\n<p>ARTENTO Alap\u00edtv\u00e1ny (sz\u00e9khely: 1088 Budapest, Br\u00f3dy S. u. 32. I\/19., nyilv\u00e1ntart\u00e1si sz\u00e1m:01-01-0012849; e-mail: <a href=\"info@artento.eu\">info@artento.eu<\/a>; telefon: +36-30\/914-9823)<\/p>\r\n\r\n\r\n\r\n<p><strong>A kezelt adatok k\u00f6re<\/strong><\/p>\r\n\r\n\r\n\r\n<p>A honlap megtekint\u00e9se sor\u00e1n a technikai m\u0171k\u00f6d\u00e9s miatt automatikusan r\u00f6gz\u00edt\u00e9sre ker\u00fcl a felhaszn\u00e1l\u00f3 l\u00e1togat\u00e1s\u00e1nak kezd\u0151 \u00e9s befejez\u0151 id\u0151pontja, illetve egyes esetekben &#8211; a felhaszn\u00e1l\u00f3 sz\u00e1m\u00edt\u00f3g\u00e9p\u00e9nek be\u00e1ll\u00edt\u00e1s\u00e1t\u00f3l f\u00fcgg\u0151en &#8211; a b\u00f6ng\u00e9sz\u0151, az oper\u00e1ci\u00f3s rendszer adatai \u00e9s a felhaszn\u00e1l\u00f3 IP c\u00edme, illetve annak az oldalnak a neve, ahonnan a felhaszn\u00e1l\u00f3 \u00e9rkezett. Ezen adatokb\u00f3l a rendszer automatikusan statisztikai adatokat gener\u00e1l. Az \u00fczemeltet\u0151 ezen adatokat nem kapcsolja \u00f6ssze m\u00e1s szem\u00e9lyes adatokkal, kiz\u00e1r\u00f3lag a statisztik\u00e1k elk\u00e9sz\u00edt\u00e9s\u00e9re haszn\u00e1lja. Az ARTENTO.hu l\u00e1togat\u00f3k sz\u00e1m\u00edt\u00f3g\u00e9p\u00e9re cookie-t k\u00fcld. A cookie t\u00f6bbek k\u00f6z\u00f6tt a felhaszn\u00e1l\u00f3knak t\u00f6rt\u00e9n\u0151 automatikus \u00fczenetek megjelen\u00edt\u00e9se miatt sz\u00fcks\u00e9ges. A cookie-kat kereskedelmi c\u00e9lra az ARTENTO nem haszn\u00e1lja, de remarketing eszk\u00f6z\u00f6k\u00f6n kereszt\u00fcl (Google k\u00f6vet\u0151k\u00f3d, Facebook pixel) az adom\u00e1nyoz\u00e1s n\u00e9pszer\u0171s\u00edt\u00e9s\u00e9re igen.<\/p>\r\n\r\n\r\n\r\n<p>B\u00e1rki l\u00e1togathatja a honlapot an\u00e9lk\u00fcl, hogy a technikailag automatikus adatkezel\u00e9sen t\u00fal b\u00e1rmilyen szem\u00e9lyes adatokat kellene megadnia.<\/p>\r\n\r\n\r\n\r\n<p>A k\u00e9rd\u00e9sek, jogseg\u00e9ly, t\u00e1mogat\u00e1s \u00e9s egy\u00e9b megkeres\u00e9sek eset\u00e9n a felhaszn\u00e1l\u00f3 nev\u00e9t, c\u00edm\u00e9t, telefonsz\u00e1m\u00e1t, e-mail c\u00edm\u00e9t az ARTENTO kiz\u00e1r\u00f3lag kapcsolattart\u00e1si c\u00e9lra haszn\u00e1lja. Az ARTENTO a szem\u00e9lyes adatokat nem teszi hozz\u00e1f\u00e9rhet\u0151v\u00e9 a honlap m\u00e1s l\u00e1togat\u00f3i sz\u00e1m\u00e1ra<\/p>\r\n\r\n\r\n\r\n<p>Amennyiben \u00d6n t\u00e1mogatja az ARTENTO-t, ak\u00e1r PayPal, ak\u00e1r m\u00e1s fizet\u00e9si eszk\u00f6z \u00fatj\u00e1n, az ARTENTO kezel\u00e9s\u00e9be ker\u00fclhet neve, banksz\u00e1mlasz\u00e1ma \u00e9s a t\u00e1mogat\u00e1s \u00f6sszege, valamint \u00e1tutal\u00e1s ideje.<\/p>\r\n\r\n\r\n\r\n<p><strong>Az adatkezel\u00e9s jogalapja<\/strong><\/p>\r\n\r\n\r\n\r\n<p>A honlap haszn\u00e1lat\u00e1hoz megadott adatok kezel\u00e9se a felhaszn\u00e1l\u00f3 \u00f6nk\u00e9ntes hozz\u00e1j\u00e1rul\u00e1s\u00e1val, a jelen t\u00e1j\u00e9koztat\u00e1s ismeret\u00e9ben t\u00f6rt\u00e9nik. A 2. pontban megjel\u00f6lt szem\u00e9lyes adatok kezel\u00e9s\u00e9nek jogalapja a felhaszn\u00e1l\u00f3k \u00f6nk\u00e9ntes hozz\u00e1j\u00e1rul\u00e1sa.<\/p>\r\n\r\n\r\n\r\n<p><strong>Az adatkezel\u00e9s c\u00e9ljai<\/strong><\/p>\r\n\r\n\r\n\r\n<p>Weboldal l\u00e1togat\u00f3i adatok &#8211; A l\u00e1togat\u00e1s id\u0151pontja, az IP c\u00edm, valamint a b\u00f6ng\u00e9sz\u0151 \u00e9s oper\u00e1ci\u00f3s rendszer adatainak felv\u00e9tele \u00e9s t\u00e1rol\u00e1sa a rendszer m\u0171k\u00f6d\u00e9s\u00e9nek saj\u00e1toss\u00e1ga, kezel\u00e9s\u00fck technikailag elengedhetetlen, kiz\u00e1r\u00f3lag statisztikai c\u00e9lokb\u00f3l t\u00f6rt\u00e9nik.<\/p>\r\n\r\n\r\n\r\n<p>T\u00e1mogat\u00e1s \u2013 Az ARTENTO kezel\u00e9s\u00e9be adott szem\u00e9lyes adatok kezel\u00e9s\u00e9nek a c\u00e9lja, hogy az adatkezel\u0151 (ARTENTO) a szolg\u00e1ltat\u00e1s zavartalan biztos\u00edt\u00e1sa \u00e9rdek\u00e9ben a szolg\u00e1ltat\u00f3 \u00e9s az \u00e9rintett k\u00f6z\u00f6tti kommunik\u00e1ci\u00f3t szavatolja. A szem\u00e9lyes adatokat az ARTENTO elt\u00e9r\u0151 c\u00e9lra nem haszn\u00e1lja \u00e9s bizalmasan kezeli.<\/p>\r\n\r\n\r\n\r\n<p>Ezen adatok \u00f6sszes\u00edtett, statisztikai c\u00e9l\u00fa felhaszn\u00e1l\u00e1s\u00e1ra ker\u00fcl sor. Az adatkezel\u0151 a megjel\u00f6lt c\u00e9lokt\u00f3l elt\u00e9r\u0151 c\u00e9lra a szem\u00e9lyes adatokat nem kezeli. Az \u00edgy megadott adatok kezel\u00e9se a felhaszn\u00e1l\u00f3 \u00f6nk\u00e9ntes hozz\u00e1j\u00e1rul\u00e1s\u00e1val t\u00f6rt\u00e9nik.<\/p>\r\n\r\n\r\n\r\n<p><strong>Az adatkezel\u00e9s id\u0151tartama<\/strong><\/p>\r\n\r\n\r\n\r\n<p>A session ID-k a b\u00f6ng\u00e9sz\u0151 bez\u00e1r\u00e1sakor automatikusan t\u00f6rl\u0151dnek. A felhaszn\u00e1l\u00f3 a saj\u00e1t cookie-j\u00e1t b\u00e1rmikor t\u00f6r\u00f6lheti. A cookie-k automatikusan t\u00f6rl\u0151dnek a b\u00f6ng\u00e9sz\u0151 be\u00e1ll\u00edt\u00e1s\u00e1t\u00f3l f\u00fcgg\u0151en. Amennyiben \u00d6n hozz\u00e1j\u00e1rult ahhoz, hogy adatait t\u00e1mogat\u00f3i kommunik\u00e1ci\u00f3 c\u00e9lj\u00e1ra haszn\u00e1ljuk, ezen adatokat addig t\u00e1roljuk, m\u00edg arr\u00f3l \u00d6n m\u00e1sk\u00e9nt nem rendelkezik \/ a hozz\u00e1j\u00e1rul\u00e1st \u00d6n vissza nem vonja.<\/p>\r\n\r\n\r\n\r\n<p><strong>Az adatokhoz hozz\u00e1f\u00e9r\u0151k k\u00f6re, adatfeldolgoz\u00f3k<\/strong><\/p>\r\n\r\n\r\n\r\n<p>Szem\u00e9lyes adatokat harmadik szem\u00e9lyeknek az adatkezel\u0151 nem ad \u00e1t, kiv\u00e9ve akkor, ha a felhaszn\u00e1l\u00f3 olyan c\u00e9lb\u00f3l adta meg szem\u00e9lyes adat\u00e1t. \u00cdgy jogseg\u00e9lyk\u00e9r\u00e9sek eset\u00e9n az \u00fcgyv\u00e9d, k\u00e9rd\u00e9s eset\u00e9n a projektvezet\u0151k, t\u00e1mogat\u00e1s eset\u00e9n pedig a szerz\u0151d\u0151 bankok hozz\u00e1f\u00e9rnek a felhaszn\u00e1l\u00f3 \u00e1ltal k\u00fcld\u00f6tt inform\u00e1ci\u00f3hoz \u00e9s szem\u00e9lyes adatokhoz. A t\u00f6rv\u00e9nyben el\u0151\u00edrt, k\u00f6telez\u0151 adattov\u00e1bb\u00edt\u00e1sok eset\u00e9n az ARTENTO az egyes hat\u00f3s\u00e1gi adatk\u00e9r\u00e9sek teljes\u00edt\u00e9se el\u0151tt minden egyes adat tekintet\u00e9ben megvizsg\u00e1lja, hogy val\u00f3ban fenn\u00e1ll-e az adattov\u00e1bb\u00edt\u00e1s jogalapja, \u00e9s sz\u00fcks\u00e9g eset\u00e9n kik\u00e9ri az adatv\u00e9delmi hat\u00f3s\u00e1g v\u00e9lem\u00e9ny\u00e9t.<\/p>\r\n\r\n\r\n\r\n<p>A felhaszn\u00e1l\u00f3 b\u00e1rmikor jogosult m\u00f3dos\u00edtani a megadott adatokat. Nem nyilv\u00e1nos, \u00e9s harmadik szem\u00e9ly sz\u00e1m\u00e1ra nem hozz\u00e1f\u00e9rhet\u0151 az \u00e9rintett e-mail c\u00edme.<\/p>\r\n\r\n\r\n\r\n<p>Az ARTENTO.eu-t az ARTENTO Alap\u00edtv\u00e1ny \u00fczemelteti. Az ARTENTO jelen nyilatkozat\u00e1val t\u00e1j\u00e9koztatja a honlap l\u00e1togat\u00f3it \u00e9s felhaszn\u00e1l\u00f3it adatkezel\u00e9si gyakorlat\u00e1r\u00f3l, az adatok v\u00e9delme \u00e9rdek\u00e9ben megtett szervez\u00e9si \u00e9s technikai int\u00e9zked\u00e9seir\u0151l \u00e9s a felhaszn\u00e1l\u00f3k jogorvoslati lehet\u0151s\u00e9geikr\u0151l. Amikor az ARTENTO.eu szolg\u00e1ltat\u00e1sait haszn\u00e1lja, az adatkezel\u0151re b\u00edz bizonyos szem\u00e9lyes adatokat.<\/p>\r\n","protected":false},"excerpt":{"rendered":"<p>Az ARTENTO.eu-t az ARTENTO Alap\u00edtv\u00e1ny \u00fczemelteti. Az ARTENTO jelen nyilatkozat\u00e1val t\u00e1j\u00e9koztatja a honlap l\u00e1togat\u00f3it \u00e9s felhaszn\u00e1l\u00f3it adatkezel\u00e9si gyakorlat\u00e1r\u00f3l, az adatok v\u00e9delme \u00e9rdek\u00e9ben megtett szervez\u00e9si \u00e9s technikai int\u00e9zked\u00e9seir\u0151l \u00e9s a felhaszn\u00e1l\u00f3k jogorvoslati lehet\u0151s\u00e9geikr\u0151l. Amikor az ARTENTO.eu szolg\u00e1ltat\u00e1sait haszn\u00e1lja, az adatkezel\u0151re b\u00edz bizonyos szem\u00e9lyes adatokat. Az adatkezel\u0151 ARTENTO Alap\u00edtv\u00e1ny (sz\u00e9khely: 1088 Budapest, Br\u00f3dy S. u. 32. I\/19., [&hellip;]<\/p>\n","protected":false},"author":1,"featured_media":0,"parent":0,"menu_order":0,"comment_status":"closed","ping_status":"closed","template":"","meta":{"ngg_post_thumbnail":0},"_links":{"self":[{"href":"https:\/\/artento.eu\/de\/wp-json\/wp\/v2\/pages\/29"}],"collection":[{"href":"https:\/\/artento.eu\/de\/wp-json\/wp\/v2\/pages"}],"about":[{"href":"https:\/\/artento.eu\/de\/wp-json\/wp\/v2\/types\/page"}],"author":[{"embeddable":true,"href":"https:\/\/artento.eu\/de\/wp-json\/wp\/v2\/users\/1"}],"replies":[{"embeddable":true,"href":"https:\/\/artento.eu\/de\/wp-json\/wp\/v2\/comments?post=29"}],"version-history":[{"count":6,"href":"https:\/\/artento.eu\/de\/wp-json\/wp\/v2\/pages\/29\/revisions"}],"predecessor-version":[{"id":1110,"href":"https:\/\/artento.eu\/de\/wp-json\/wp\/v2\/pages\/29\/revisions\/1110"}],"wp:attachment":[{"href":"https:\/\/artento.eu\/de\/wp-json\/wp\/v2\/media?parent=29"}],"curies":[{"name":"wp","href":"https:\/\/api.w.org\/{rel}","templated":true}]}}