{"id":28,"date":"2020-03-27T17:34:45","date_gmt":"2020-03-27T17:34:45","guid":{"rendered":"http:\/\/artento.eu\/?page_id=28"},"modified":"2020-12-18T00:16:16","modified_gmt":"2020-12-18T00:16:16","slug":"galeria","status":"publish","type":"page","link":"https:\/\/artento.eu\/de\/galeria\/","title":{"rendered":"Galerie"},"content":{"rendered":"\r\n<p>Gem\u00e4lde von K\u00e1lm\u00e1n Sz\u00e9kely: <span style=\"color: #0000ff;\"><a style=\"color: #0000ff;\" href=\"https:\/\/artento.eu\/album\/Sz%C3%A9kely%20K%C3%A1lm%C3%A1n\/\">Galerie<\/a><\/span><\/p>\r\n<p>Esmeralda coreluea, Fotos von Nikola Rahm\u00e9: <span style=\"color: #0000ff;\"><a style=\"color: #0000ff;\" href=\"https:\/\/artento.eu\/album\/Esmeralda\/\">Galerie<\/a><\/span><\/p>\r\n<p>Jewel Weevils, Fotos von Imre Retez\u00e1r:<span style=\"color: #0000ff;\"> <a style=\"color: #0000ff;\" href=\"https:\/\/artento.eu\/album\/%C3%89kszerorm%C3%A1nyosok\/\">Galerie<\/a><\/span><\/p>\r\n<p>Ausstellungser\u00f6ffnung Insektensch\u00e4tze &#8211; Juwelen-R\u00fcsselk\u00e4fer (1. August 2020 ):<span style=\"color: #0000ff;\">&nbsp;<a style=\"color: #0000ff;\" href=\"https:\/\/artento.eu\/album\/Rovarkincsek%20kill%C3%ADt%C3%A1s\/\">Galerie<\/a><\/span><\/p>\r\n<p><strong>&nbsp;<\/strong><\/p>\r\n\r\n\r\n\r\n\r\n","protected":false},"excerpt":{"rendered":"<p>Gem\u00e4lde von K\u00e1lm\u00e1n Sz\u00e9kely: Galerie Esmeralda coreluea, Fotos von Nikola Rahm\u00e9: Galerie Jewel Weevils, Fotos von Imre Retez\u00e1r: Galerie Ausstellungser\u00f6ffnung Insektensch\u00e4tze &#8211; Juwelen-R\u00fcsselk\u00e4fer (1. August 2020 ):&nbsp;Galerie &nbsp;<\/p>\n","protected":false},"author":1,"featured_media":0,"parent":0,"menu_order":0,"comment_status":"closed","ping_status":"closed","template":"","meta":{"ngg_post_thumbnail":0},"_links":{"self":[{"href":"https:\/\/artento.eu\/de\/wp-json\/wp\/v2\/pages\/28"}],"collection":[{"href":"https:\/\/artento.eu\/de\/wp-json\/wp\/v2\/pages"}],"about":[{"href":"https:\/\/artento.eu\/de\/wp-json\/wp\/v2\/types\/page"}],"author":[{"embeddable":true,"href":"https:\/\/artento.eu\/de\/wp-json\/wp\/v2\/users\/1"}],"replies":[{"embeddable":true,"href":"https:\/\/artento.eu\/de\/wp-json\/wp\/v2\/comments?post=28"}],"version-history":[{"count":49,"href":"https:\/\/artento.eu\/de\/wp-json\/wp\/v2\/pages\/28\/revisions"}],"predecessor-version":[{"id":1226,"href":"https:\/\/artento.eu\/de\/wp-json\/wp\/v2\/pages\/28\/revisions\/1226"}],"wp:attachment":[{"href":"https:\/\/artento.eu\/de\/wp-json\/wp\/v2\/media?parent=28"}],"curies":[{"name":"wp","href":"https:\/\/api.w.org\/{rel}","templated":true}]}}