{"id":27,"date":"2020-03-27T17:34:45","date_gmt":"2020-03-27T17:34:45","guid":{"rendered":"http:\/\/artento.eu\/?page_id=27"},"modified":"2020-12-18T00:00:11","modified_gmt":"2020-12-18T00:00:11","slug":"programok","status":"publish","type":"page","link":"https:\/\/artento.eu\/de\/programok\/","title":{"rendered":"Programme"},"content":{"rendered":"\r\n<div id=\"ngg-imagebrowser-08b2d4a5a104dcb2e692b28828694cca-27\" class=\"ngg-imagebrowser default-view\" data-nextgen-gallery-id=\"08b2d4a5a104dcb2e692b28828694cca\">\r\n<h3>&nbsp;<\/h3>\r\n<h3><strong>M\u00e4rz 2021<\/strong><\/h3>\r\n<div class=\"ngg-imagebrowser-nav\">Im Ungarischen Naturwissenschaftlichen Museum Insektensch\u00e4tze \u2013 Juwelen-R\u00fcsselk\u00e4fer &#8211; erweiterte Ausstellung.<br>\r\n<div class=\"next\">&nbsp;<\/div>\r\n<\/div>\r\n<div>&nbsp;<\/div>\r\n<\/div>\r\n<hr>\r\n<p>&nbsp;<\/p>\r\n<h3><strong>8. November 2020<br><\/strong><\/h3>\r\n<p>ARTENTO Pr\u00e4sentation und public meeting an der International Insect Fair 2020.<\/p>\r\n<p>in KMO M\u0171vel\u0151d\u00e9si K\u00f6zpont<br>1191 Budapest, Teleki utca 50.<\/p>\r\n<div id=\"ngg-imagebrowser-08b2d4a5a104dcb2e692b28828694cca-27\" class=\"ngg-imagebrowser default-view\" data-nextgen-gallery-id=\"08b2d4a5a104dcb2e692b28828694cca\">\r\n<h3>INTERNATIONAL INSECT FAIR<\/h3>\r\n<div id=\"ngg-image-0\" class=\"pic\">\r\n<div id=\"ngg-gallery-807f351fdb438434c716ce2f5723aa52-1\" class=\"ngg-galleryoverview default-view \">\r\n<div id=\"ngg-image-0\" class=\"ngg-gallery-thumbnail-box \">\r\n<div class=\"ngg-gallery-thumbnail\"><a class=\"ngg-fancybox\" title=\"\" href=\"https:\/\/artento.eu\/en\/wp-content\/gallery\/kmo-1\/UTF-8Rovarborze-2020-11-a2-color-web.jpg\" rel=\"807f351fdb438434c716ce2f5723aa52\" data-src=\"https:\/\/artento.eu\/en\/wp-content\/gallery\/kmo-1\/UTF-8Rovarborze-2020-11-a2-color-web.jpg\" data-thumbnail=\"https:\/\/artento.eu\/en\/wp-content\/gallery\/kmo-1\/thumbs\/thumbs_UTF-8Rovarborze-2020-11-a2-color-web.jpg\" data-image-id=\"86\" data-title=\"UTF-8Rovarborze-2020-11-a2-color-web\" data-description=\"\" data-image-slug=\"utf-8rovarborze-2020-11-a2-color-web\"><img loading=\"lazy\" title=\"UTF-8Rovarborze-2020-11-a2-color-web\" src=\"https:\/\/artento.eu\/en\/wp-content\/gallery\/kmo-1\/thumbs\/thumbs_UTF-8Rovarborze-2020-11-a2-color-web.jpg\" alt=\"UTF-8Rovarborze-2020-11-a2-color-web\" width=\"240\" height=\"160\"><\/a><\/div>\r\n<\/div>\r\n&nbsp;\r\n<div id=\"ngg-image-1\" class=\"ngg-gallery-thumbnail-box \">\r\n<div class=\"ngg-gallery-thumbnail\"><a class=\"ngg-fancybox\" title=\"\" href=\"https:\/\/artento.eu\/en\/wp-content\/gallery\/kmo-1\/KMO_ArtEnto_k-A_mod_k-masolata.png\" rel=\"807f351fdb438434c716ce2f5723aa52\" data-src=\"https:\/\/artento.eu\/en\/wp-content\/gallery\/kmo-1\/KMO_ArtEnto_k-A_mod_k-masolata.png\" data-thumbnail=\"https:\/\/artento.eu\/en\/wp-content\/gallery\/kmo-1\/thumbs\/thumbs_KMO_ArtEnto_k-A_mod_k-masolata.png\" data-image-id=\"84\" data-title=\"KMO_ArtEnto_k-A_mod_k-masolata\" data-description=\"\" data-image-slug=\"kmo_artento_k-a_mod_k-masolata\"><img loading=\"lazy\" title=\"KMO_ArtEnto_k-A_mod_k-masolata\" src=\"https:\/\/artento.eu\/en\/wp-content\/gallery\/kmo-1\/thumbs\/thumbs_KMO_ArtEnto_k-A_mod_k-masolata.png\" alt=\"KMO_ArtEnto_k-A_mod_k-masolata\" width=\"240\" height=\"160\"><\/a><\/div>\r\n<\/div>\r\n&nbsp;\r\n<div id=\"ngg-image-2\" class=\"ngg-gallery-thumbnail-box \">\r\n<div class=\"ngg-gallery-thumbnail\"><a class=\"ngg-fancybox\" title=\"\" href=\"https:\/\/artento.eu\/en\/wp-content\/gallery\/kmo-1\/KMO_ArtEnto_stand_mod_k-masolata.jpg\" rel=\"807f351fdb438434c716ce2f5723aa52\" data-src=\"https:\/\/artento.eu\/en\/wp-content\/gallery\/kmo-1\/KMO_ArtEnto_stand_mod_k-masolata.jpg\" data-thumbnail=\"https:\/\/artento.eu\/en\/wp-content\/gallery\/kmo-1\/thumbs\/thumbs_KMO_ArtEnto_stand_mod_k-masolata.jpg\" data-image-id=\"85\" data-title=\"KMO_ArtEnto_stand_mod_k-masolata\" data-description=\"\" data-image-slug=\"kmo_artento_stand_mod_k-masolata\"><img loading=\"lazy\" title=\"KMO_ArtEnto_stand_mod_k-masolata\" src=\"https:\/\/artento.eu\/en\/wp-content\/gallery\/kmo-1\/thumbs\/thumbs_KMO_ArtEnto_stand_mod_k-masolata.jpg\" alt=\"KMO_ArtEnto_stand_mod_k-masolata\" width=\"240\" height=\"160\"><\/a><\/div>\r\n<\/div>\r\n<\/div>\r\n<\/div>\r\n<div class=\"ngg-imagebrowser-nav\">&nbsp;\r\n<div class=\"next\">&nbsp;<\/div>\r\n<\/div>\r\n<\/div>\r\n<hr>\r\n<p>&nbsp;<\/p>\r\n<h3><strong>19. August 2020<br><\/strong><\/h3>\r\n<p><strong>Abkhazia, the pearl of the Caucasus through the eyes of an entomologist<\/strong><br><br>Lecture from Imre Retez\u00e1r about Abkhazian collecting works, landscapes, people, customs and of course insects.<\/p>\r\n<div id=\"ngg-imagebrowser-502946d65dad95153774c697032eb43c-27\" class=\"ngg-imagebrowser default-view\" data-nextgen-gallery-id=\"502946d65dad95153774c697032eb43c\">\r\n<div id=\"ngg-image-0\" class=\"pic\">&nbsp;<\/div>\r\n<div class=\"ngg-imagebrowser-nav\">\r\n<div class=\"back\">&nbsp;<\/div>\r\n<div id=\"ngg-gallery-4ae37a61a33ade428fff71f9605fc0e8-1\" class=\"ngg-galleryoverview default-view \">\r\n<div id=\"ngg-image-0\" class=\"ngg-gallery-thumbnail-box \">\r\n<div class=\"ngg-gallery-thumbnail\"><a class=\"ngg-fancybox\" title=\"????????????????????????????????????\" href=\"https:\/\/artento.eu\/en\/wp-content\/gallery\/imre-eloadas\/DSC0101_56070.jpg\" rel=\"4ae37a61a33ade428fff71f9605fc0e8\" data-src=\"https:\/\/artento.eu\/en\/wp-content\/gallery\/imre-eloadas\/DSC0101_56070.jpg\" data-thumbnail=\"https:\/\/artento.eu\/en\/wp-content\/gallery\/imre-eloadas\/thumbs\/thumbs_DSC0101_56070.jpg\" data-image-id=\"88\" data-title=\"DSC0101_56070\" data-description=\"????????????????????????????????????\" data-image-slug=\"dsc0101_56070\"><img loading=\"lazy\" title=\"DSC0101_56070\" src=\"https:\/\/artento.eu\/en\/wp-content\/gallery\/imre-eloadas\/thumbs\/thumbs_DSC0101_56070.jpg\" alt=\"DSC0101_56070\" width=\"240\" height=\"160\"><\/a><\/div>\r\n<\/div>\r\n&nbsp;\r\n<div id=\"ngg-image-1\" class=\"ngg-gallery-thumbnail-box \">\r\n<div class=\"ngg-gallery-thumbnail\"><a class=\"ngg-fancybox\" title=\"????????????????????????????????????\" href=\"https:\/\/artento.eu\/en\/wp-content\/gallery\/imre-eloadas\/DSC0102_56071.jpg\" rel=\"4ae37a61a33ade428fff71f9605fc0e8\" data-src=\"https:\/\/artento.eu\/en\/wp-content\/gallery\/imre-eloadas\/DSC0102_56071.jpg\" data-thumbnail=\"https:\/\/artento.eu\/en\/wp-content\/gallery\/imre-eloadas\/thumbs\/thumbs_DSC0102_56071.jpg\" data-image-id=\"89\" data-title=\"DSC0102_56071\" data-description=\"????????????????????????????????????\" data-image-slug=\"dsc0102_56071\"><img loading=\"lazy\" title=\"DSC0102_56071\" src=\"https:\/\/artento.eu\/en\/wp-content\/gallery\/imre-eloadas\/thumbs\/thumbs_DSC0102_56071.jpg\" alt=\"DSC0102_56071\" width=\"240\" height=\"160\"><\/a><\/div>\r\n<\/div>\r\n&nbsp;\r\n<div id=\"ngg-image-2\" class=\"ngg-gallery-thumbnail-box \">\r\n<div class=\"ngg-gallery-thumbnail\"><a class=\"ngg-fancybox\" title=\"????????????????????????????????????\" href=\"https:\/\/artento.eu\/en\/wp-content\/gallery\/imre-eloadas\/DSC0100_56069.jpg\" rel=\"4ae37a61a33ade428fff71f9605fc0e8\" data-src=\"https:\/\/artento.eu\/en\/wp-content\/gallery\/imre-eloadas\/DSC0100_56069.jpg\" data-thumbnail=\"https:\/\/artento.eu\/en\/wp-content\/gallery\/imre-eloadas\/thumbs\/thumbs_DSC0100_56069.jpg\" data-image-id=\"90\" data-title=\"DSC0100_56069\" data-description=\"????????????????????????????????????\" data-image-slug=\"dsc0100_56069\"><img loading=\"lazy\" title=\"DSC0100_56069\" src=\"https:\/\/artento.eu\/en\/wp-content\/gallery\/imre-eloadas\/thumbs\/thumbs_DSC0100_56069.jpg\" alt=\"DSC0100_56069\" width=\"240\" height=\"160\"><\/a><\/div>\r\n<\/div>\r\n&nbsp;\r\n<div id=\"ngg-image-3\" class=\"ngg-gallery-thumbnail-box \">\r\n<div class=\"ngg-gallery-thumbnail\"><a class=\"ngg-fancybox\" title=\"????????????????????????????????????\" href=\"https:\/\/artento.eu\/en\/wp-content\/gallery\/imre-eloadas\/Imre_jo.jpg\" rel=\"4ae37a61a33ade428fff71f9605fc0e8\" data-src=\"https:\/\/artento.eu\/en\/wp-content\/gallery\/imre-eloadas\/Imre_jo.jpg\" data-thumbnail=\"https:\/\/artento.eu\/en\/wp-content\/gallery\/imre-eloadas\/thumbs\/thumbs_Imre_jo.jpg\" data-image-id=\"91\" data-title=\"Imre_jo\" data-description=\"????????????????????????????????????\" data-image-slug=\"imre_jo\"><img loading=\"lazy\" title=\"Imre_jo\" src=\"https:\/\/artento.eu\/en\/wp-content\/gallery\/imre-eloadas\/thumbs\/thumbs_Imre_jo.jpg\" alt=\"Imre_jo\" width=\"240\" height=\"160\"><\/a><\/div>\r\n<\/div>\r\n<br>\r\n<div class=\"ngg-clear\">\r\n<div id=\"ngg-imagebrowser-08b2d4a5a104dcb2e692b28828694cca-27\" class=\"ngg-imagebrowser default-view\" data-nextgen-gallery-id=\"08b2d4a5a104dcb2e692b28828694cca\">\r\n<div class=\"ngg-imagebrowser-nav\">\r\n<div class=\"next\">&nbsp;<\/div>\r\n<\/div>\r\n<\/div>\r\n<hr><\/div>\r\n<\/div>\r\n<div class=\"ngg-imagebrowser-desc\">\r\n<p>&nbsp;<\/p>\r\n<\/div>\r\n<\/div>\r\n<\/div>\r\n<h3><strong>1-30. August 2020<\/strong><\/h3>\r\n<div class=\"ngg-imagebrowser-nav\">Insektensch\u00e4tze \u2013 Juwelen-R\u00fcsselk\u00e4fer im Rahmen der Kulturveranstaltung &#8222;V\u00e1szolyer Sommer 2020&#8221;<\/div>\r\n<h5 style=\"text-align: center;\">Ausstellung in V\u00e1szoly (am Plattensee) vom 1-30. August 2020<\/h5>\r\n<p style=\"text-align: center;\"><em><span class=\"varosNev\">Adresse: Galerie in V\u00e1szoly, <\/span>8245 V\u00e1szoly, Andr\u00e1s utca 28.<\/em><\/p>\r\n\n\n<div class=\"ngg-galleryoverview ngg-slideshow\"\n\t id=\"ngg-slideshow-6e0313d7a532203542c1f3349d5bdf0c-449703590\"\n     data-gallery-id=\"6e0313d7a532203542c1f3349d5bdf0c\"\n     style=\"max-width: 750px; max-height: 500px;\">\n\n \t<div id=\"ngg-image-0\" class=\"ngg-gallery-slideshow-image\" style=\"height:500px\">\n\n        <a href=\"https:\/\/artento.eu\/de\/wp-content\/gallery\/poster\/Insect-treasures.jpg\"\n           title=\"\"\n           data-src=\"https:\/\/artento.eu\/de\/wp-content\/gallery\/poster\/Insect-treasures.jpg\"\n           data-thumbnail=\"https:\/\/artento.eu\/de\/wp-content\/gallery\/poster\/thumbs\/thumbs_Insect-treasures.jpg\"\n           data-image-id=\"84\"\n           data-title=\"Insect-treasures\"\n           data-description=\"\"\n           class=\"ngg-fancybox\" rel=\"6e0313d7a532203542c1f3349d5bdf0c\">\n\n            <img data-image-id='84'\n                 title=\"\"\n                 alt=\"Insect-treasures\"\n                 src=\"https:\/\/artento.eu\/de\/wp-content\/gallery\/poster\/Insect-treasures.jpg\"\n                 style=\"max-height: 480px;\"\/>\n        <\/a>\n\n        <\/div> \n<\/div>\n\n\n\n\r\n\r\n<p style=\"text-align: center;\">&nbsp;<\/p>","protected":false},"excerpt":{"rendered":"<p>&nbsp; M\u00e4rz 2021 Im Ungarischen Naturwissenschaftlichen Museum Insektensch\u00e4tze \u2013 Juwelen-R\u00fcsselk\u00e4fer &#8211; erweiterte Ausstellung. &nbsp; &nbsp; &nbsp; 8. November 2020 ARTENTO Pr\u00e4sentation und public meeting an der International Insect Fair 2020. in KMO M\u0171vel\u0151d\u00e9si K\u00f6zpont1191 Budapest, Teleki utca 50. INTERNATIONAL INSECT FAIR &nbsp; &nbsp; &nbsp; &nbsp; &nbsp; 19. August 2020 Abkhazia, the pearl of the Caucasus [&hellip;]<\/p>\n","protected":false},"author":1,"featured_media":0,"parent":0,"menu_order":0,"comment_status":"closed","ping_status":"closed","template":"","meta":{"ngg_post_thumbnail":0},"_links":{"self":[{"href":"https:\/\/artento.eu\/de\/wp-json\/wp\/v2\/pages\/27"}],"collection":[{"href":"https:\/\/artento.eu\/de\/wp-json\/wp\/v2\/pages"}],"about":[{"href":"https:\/\/artento.eu\/de\/wp-json\/wp\/v2\/types\/page"}],"author":[{"embeddable":true,"href":"https:\/\/artento.eu\/de\/wp-json\/wp\/v2\/users\/1"}],"replies":[{"embeddable":true,"href":"https:\/\/artento.eu\/de\/wp-json\/wp\/v2\/comments?post=27"}],"version-history":[{"count":16,"href":"https:\/\/artento.eu\/de\/wp-json\/wp\/v2\/pages\/27\/revisions"}],"predecessor-version":[{"id":1220,"href":"https:\/\/artento.eu\/de\/wp-json\/wp\/v2\/pages\/27\/revisions\/1220"}],"wp:attachment":[{"href":"https:\/\/artento.eu\/de\/wp-json\/wp\/v2\/media?parent=27"}],"curies":[{"name":"wp","href":"https:\/\/api.w.org\/{rel}","templated":true}]}}