{"id":224,"date":"2020-04-01T19:00:21","date_gmt":"2020-04-01T19:00:21","guid":{"rendered":"http:\/\/artento.eu\/?page_id=224"},"modified":"2020-07-18T22:43:44","modified_gmt":"2020-07-18T22:43:44","slug":"gyujtemenyek","status":"publish","type":"page","link":"https:\/\/artento.eu\/de\/gyujtemenyek\/","title":{"rendered":"Sammlungen"},"content":{"rendered":"<p>ARTENTO untersucht folgende Familien:<\/p>\r\n<ul>\r\n<li>Buprestidae &#8211; Juwelenk\u00e4fer<\/li>\r\n<li>Carabidae &#8211; Laufk\u00e4fer<\/li>\r\n<li>Cerambycidae &#8211; Bockk\u00e4fer<\/li>\r\n<li>Curculionidae &#8211; R\u00fcsselk\u00e4fer<\/li>\r\n<li>Lucanidae &#8211; Hirschk\u00e4fer<\/li>\r\n<\/ul>\r\n<p>Die Kollektionen basieren auf zwei Hauptmotiven. Einer seiner Teile ist eine professionell aufgebaute wissenschaftliche Sammlung, die mit ihrer Recherchierbarkeit zum nationalen und internationalen wissenschaftlichen Leben beitragen soll. Das Konzept der zus\u00e4tzlichen Kisten in der Sammlung besteht darin, das Interesse der Besucher an ihrer Beziehung zur Natur zu wecken und den Besucher in einen Kontext zu stellen, in dem sie die eigene Rolle in diesem System entdecken k\u00f6nnen.<\/p>\r\n","protected":false},"excerpt":{"rendered":"<p>ARTENTO untersucht folgende Familien: Buprestidae &#8211; Juwelenk\u00e4fer Carabidae &#8211; Laufk\u00e4fer Cerambycidae &#8211; Bockk\u00e4fer Curculionidae &#8211; R\u00fcsselk\u00e4fer Lucanidae &#8211; Hirschk\u00e4fer Die Kollektionen basieren auf zwei Hauptmotiven. Einer seiner Teile ist eine professionell aufgebaute wissenschaftliche Sammlung, die mit ihrer Recherchierbarkeit zum nationalen und internationalen wissenschaftlichen Leben beitragen soll. Das Konzept der zus\u00e4tzlichen Kisten in der Sammlung besteht [&hellip;]<\/p>\n","protected":false},"author":1,"featured_media":534,"parent":0,"menu_order":0,"comment_status":"closed","ping_status":"closed","template":"","meta":{"ngg_post_thumbnail":0},"_links":{"self":[{"href":"https:\/\/artento.eu\/de\/wp-json\/wp\/v2\/pages\/224"}],"collection":[{"href":"https:\/\/artento.eu\/de\/wp-json\/wp\/v2\/pages"}],"about":[{"href":"https:\/\/artento.eu\/de\/wp-json\/wp\/v2\/types\/page"}],"author":[{"embeddable":true,"href":"https:\/\/artento.eu\/de\/wp-json\/wp\/v2\/users\/1"}],"replies":[{"embeddable":true,"href":"https:\/\/artento.eu\/de\/wp-json\/wp\/v2\/comments?post=224"}],"version-history":[{"count":15,"href":"https:\/\/artento.eu\/de\/wp-json\/wp\/v2\/pages\/224\/revisions"}],"predecessor-version":[{"id":1167,"href":"https:\/\/artento.eu\/de\/wp-json\/wp\/v2\/pages\/224\/revisions\/1167"}],"wp:featuredmedia":[{"embeddable":true,"href":"https:\/\/artento.eu\/de\/wp-json\/wp\/v2\/media\/534"}],"wp:attachment":[{"href":"https:\/\/artento.eu\/de\/wp-json\/wp\/v2\/media?parent=224"}],"curies":[{"name":"wp","href":"https:\/\/api.w.org\/{rel}","templated":true}]}}