{"id":19,"date":"2020-03-27T17:34:45","date_gmt":"2020-03-27T17:34:45","guid":{"rendered":"http:\/\/artento.eu\/?page_id=19"},"modified":"2020-12-18T00:20:37","modified_gmt":"2020-12-18T00:20:37","slug":"rolunk","status":"publish","type":"page","link":"https:\/\/artento.eu\/de\/rolunk\/","title":{"rendered":"\u00dcber uns"},"content":{"rendered":"<p class=\"Default\" style=\"text-align: justify;\"><span style=\"font-family: 'IBM Plex Sans Light','sans-serif';\">Die Gr\u00fcnder der ARTENTO Stiftung sind Amateur-Entomologen, die sich mit ihren Helfern entschlossen f\u00fcr die Ziele der Stiftung engagieren. Neben der Pflege und Erweiterung unserer Sammlungen ist es unser Ziel, im Gegensatz zu den bekannten wissenschaftlichen oder aufstrebenden Sammlungen die gro\u00dfartige Farben und Formenwelt der Insektenwelt in einem neuen k\u00fcnstlerischen Konzept zu zeigen und gleichzeitig den wissenschaftlichen Wert von Insekten zu bewahren. Die daraus resultierenden Werken hei\u00dfen EFA (Entimological Fantasy).<\/span><\/p>\n<!-- default-view.php -->\n<div\n\tclass=\"ngg-galleryoverview default-view \"\n\tid=\"ngg-gallery-bc84972b2fedf52a513afd3c323dd7bf-1\">\n\n\t\t<!-- Thumbnails -->\n\t\t\t\t<div id=\"ngg-image-0\" class=\"ngg-gallery-thumbnail-box ngg-3-columns\" >\n\t\t\t\t        <div class=\"ngg-gallery-thumbnail\">\n            <a href=\"https:\/\/artento.eu\/de\/wp-content\/gallery\/mink\/1_mink.jpg\"\n               title=\"\"\n               data-src=\"https:\/\/artento.eu\/de\/wp-content\/gallery\/mink\/1_mink.jpg\"\n               data-thumbnail=\"https:\/\/artento.eu\/de\/wp-content\/gallery\/mink\/thumbs\/thumbs_1_mink.jpg\"\n               data-image-id=\"76\"\n               data-title=\"1_mink\"\n               data-description=\"\"\n               data-image-slug=\"1_mink\"\n               class=\"ngg-fancybox\" rel=\"bc84972b2fedf52a513afd3c323dd7bf\">\n                <img\n                    title=\"1_mink\"\n                    alt=\"1_mink\"\n                    src=\"https:\/\/artento.eu\/de\/wp-content\/gallery\/mink\/thumbs\/thumbs_1_mink.jpg\"\n                    width=\"240\"\n                    height=\"160\"\n                    style=\"max-width:100%;\"\n                \/>\n            <\/a>\n        <\/div>\n\t\t\t\t\t\t\t<\/div> \n\t\t\t\n\t\t\t\t<div id=\"ngg-image-1\" class=\"ngg-gallery-thumbnail-box ngg-3-columns\" >\n\t\t\t\t        <div class=\"ngg-gallery-thumbnail\">\n            <a href=\"https:\/\/artento.eu\/de\/wp-content\/gallery\/mink\/Imre.2.jpg\"\n               title=\"\"\n               data-src=\"https:\/\/artento.eu\/de\/wp-content\/gallery\/mink\/Imre.2.jpg\"\n               data-thumbnail=\"https:\/\/artento.eu\/de\/wp-content\/gallery\/mink\/thumbs\/thumbs_Imre.2.jpg\"\n               data-image-id=\"80\"\n               data-title=\"Imre.2\"\n               data-description=\"\"\n               data-image-slug=\"imre-2\"\n               class=\"ngg-fancybox\" rel=\"bc84972b2fedf52a513afd3c323dd7bf\">\n                <img\n                    title=\"Imre.2\"\n                    alt=\"Imre.2\"\n                    src=\"https:\/\/artento.eu\/de\/wp-content\/gallery\/mink\/thumbs\/thumbs_Imre.2.jpg\"\n                    width=\"240\"\n                    height=\"160\"\n                    style=\"max-width:100%;\"\n                \/>\n            <\/a>\n        <\/div>\n\t\t\t\t\t\t\t<\/div> \n\t\t\t\n\t\t\t\t<div id=\"ngg-image-2\" class=\"ngg-gallery-thumbnail-box ngg-3-columns\" >\n\t\t\t\t        <div class=\"ngg-gallery-thumbnail\">\n            <a href=\"https:\/\/artento.eu\/de\/wp-content\/gallery\/mink\/Attila-h%C3%A1l%C3%B3.jpg\"\n               title=\"\"\n               data-src=\"https:\/\/artento.eu\/de\/wp-content\/gallery\/mink\/Attila-h%C3%A1l%C3%B3.jpg\"\n               data-thumbnail=\"https:\/\/artento.eu\/de\/wp-content\/gallery\/mink\/thumbs\/thumbs_Attila-h%C3%A1l%C3%B3.jpg\"\n               data-image-id=\"79\"\n               data-title=\"Attila-h\u00e1l\u00f3\"\n               data-description=\"\"\n               data-image-slug=\"attila-h%c3%a1l%c3%b3\"\n               class=\"ngg-fancybox\" rel=\"bc84972b2fedf52a513afd3c323dd7bf\">\n                <img\n                    title=\"Attila-h\u00e1l\u00f3\"\n                    alt=\"Attila-h\u00e1l\u00f3\"\n                    src=\"https:\/\/artento.eu\/de\/wp-content\/gallery\/mink\/thumbs\/thumbs_Attila-h%C3%A1l%C3%B3.jpg\"\n                    width=\"240\"\n                    height=\"160\"\n                    style=\"max-width:100%;\"\n                \/>\n            <\/a>\n        <\/div>\n\t\t\t\t\t\t\t<\/div> \n\t\t\t\n\t\n\t<br style=\"clear: both\" \/>\n\n\t\n\t\t<!-- Pagination -->\n\t<div class='ngg-clear'><\/div>\t<\/div>\n\n<p style=\"text-align: center;\"><em>Anna Dusnoki, K\u00e1lm\u00e1n Sz\u00e9kely, Imre Retez\u00e1r, Attila Podluss\u00e1ny<\/em><\/p>\n","protected":false},"excerpt":{"rendered":"<p>Die Gr\u00fcnder der ARTENTO Stiftung sind Amateur-Entomologen, die sich mit ihren Helfern entschlossen f\u00fcr die Ziele der Stiftung engagieren. Neben der Pflege und Erweiterung unserer Sammlungen ist es unser Ziel, im Gegensatz zu den bekannten wissenschaftlichen oder aufstrebenden Sammlungen die gro\u00dfartige Farben und Formenwelt der Insektenwelt in einem neuen k\u00fcnstlerischen Konzept zu zeigen und gleichzeitig [&hellip;]<\/p>\n","protected":false},"author":1,"featured_media":0,"parent":0,"menu_order":0,"comment_status":"closed","ping_status":"closed","template":"","meta":{"ngg_post_thumbnail":0},"_links":{"self":[{"href":"https:\/\/artento.eu\/de\/wp-json\/wp\/v2\/pages\/19"}],"collection":[{"href":"https:\/\/artento.eu\/de\/wp-json\/wp\/v2\/pages"}],"about":[{"href":"https:\/\/artento.eu\/de\/wp-json\/wp\/v2\/types\/page"}],"author":[{"embeddable":true,"href":"https:\/\/artento.eu\/de\/wp-json\/wp\/v2\/users\/1"}],"replies":[{"embeddable":true,"href":"https:\/\/artento.eu\/de\/wp-json\/wp\/v2\/comments?post=19"}],"version-history":[{"count":44,"href":"https:\/\/artento.eu\/de\/wp-json\/wp\/v2\/pages\/19\/revisions"}],"predecessor-version":[{"id":1229,"href":"https:\/\/artento.eu\/de\/wp-json\/wp\/v2\/pages\/19\/revisions\/1229"}],"wp:attachment":[{"href":"https:\/\/artento.eu\/de\/wp-json\/wp\/v2\/media?parent=19"}],"curies":[{"name":"wp","href":"https:\/\/api.w.org\/{rel}","templated":true}]}}