{"id":18,"date":"2020-03-27T17:34:45","date_gmt":"2020-03-27T17:34:45","guid":{"rendered":"http:\/\/artento.eu\/?page_id=18"},"modified":"2020-07-18T22:01:42","modified_gmt":"2020-07-18T22:01:42","slug":"official-website","status":"publish","type":"page","link":"https:\/\/artento.eu\/de\/official-website\/","title":{"rendered":""},"content":{"rendered":"<h3 style=\"margin: 0cm 0cm 0.0001pt; text-align: center;\"><span style=\"font-family: 'IBM Plex Sans Light', 'sans-serif'; color: #bfacac;\">Willkommen auf der Webseite der <\/span><\/h3>\n<h3 style=\"margin: 0cm 0cm 0.0001pt; text-align: center;\"><span style=\"font-family: 'IBM Plex Sans Light', 'sans-serif'; color: #bfacac;\">ARTENTO STIFTUNG<\/span><\/h3>\n<p>&nbsp;<\/p>\n<p style=\"text-align: center;\">Das Hauptziel der Stiftung ist es, der Gesellschaft die Werte der nat\u00fcrlichen Umwelt zu vermitteln &#8211; mit einem speziellen Programm und einem speziellen Werkzeugsystem. Diese methodische Neuheit wird durch die Effizienz des sogenannten erfahrungsbasierenden Wissenstransfers gesichert. Naturwissenschaft ist f\u00fcr die Zivilgesellschaft trotz ihrer herausragenden Bedeutung f\u00fcr die Lebensqualit\u00e4t eine \u00fcberwiegend uninteressante Abstraktion. Die Stiftung baut ihr Programm in erster Linie auf dem kreativen Potenzial auf, das der Interaktion von Biologie und Kunst innewohnt.<\/p>\n","protected":false},"excerpt":{"rendered":"<p>Willkommen auf der Webseite der ARTENTO STIFTUNG &nbsp; Das Hauptziel der Stiftung ist es, der Gesellschaft die Werte der nat\u00fcrlichen Umwelt zu vermitteln &#8211; mit einem speziellen Programm und einem speziellen Werkzeugsystem. Diese methodische Neuheit wird durch die Effizienz des sogenannten erfahrungsbasierenden Wissenstransfers gesichert. Naturwissenschaft ist f\u00fcr die Zivilgesellschaft trotz ihrer herausragenden Bedeutung f\u00fcr die [&hellip;]<\/p>\n","protected":false},"author":1,"featured_media":0,"parent":0,"menu_order":0,"comment_status":"closed","ping_status":"closed","template":"","meta":{"ngg_post_thumbnail":0},"_links":{"self":[{"href":"https:\/\/artento.eu\/de\/wp-json\/wp\/v2\/pages\/18"}],"collection":[{"href":"https:\/\/artento.eu\/de\/wp-json\/wp\/v2\/pages"}],"about":[{"href":"https:\/\/artento.eu\/de\/wp-json\/wp\/v2\/types\/page"}],"author":[{"embeddable":true,"href":"https:\/\/artento.eu\/de\/wp-json\/wp\/v2\/users\/1"}],"replies":[{"embeddable":true,"href":"https:\/\/artento.eu\/de\/wp-json\/wp\/v2\/comments?post=18"}],"version-history":[{"count":28,"href":"https:\/\/artento.eu\/de\/wp-json\/wp\/v2\/pages\/18\/revisions"}],"predecessor-version":[{"id":1152,"href":"https:\/\/artento.eu\/de\/wp-json\/wp\/v2\/pages\/18\/revisions\/1152"}],"wp:attachment":[{"href":"https:\/\/artento.eu\/de\/wp-json\/wp\/v2\/media?parent=18"}],"curies":[{"name":"wp","href":"https:\/\/api.w.org\/{rel}","templated":true}]}}